{"id":90934,"date":"2023-02-14T19:50:19","date_gmt":"2023-02-14T19:50:19","guid":{"rendered":"https:\/\/www.tigercat.com\/no-child-forced-labour-policy\/"},"modified":"2025-10-14T09:59:09","modified_gmt":"2025-10-14T09:59:09","slug":"richtlinie-gegen-kinder-zwangsarbeit","status":"publish","type":"page","link":"https:\/\/www.tigercat.com\/de\/richtlinie-gegen-kinder-zwangsarbeit\/","title":{"rendered":"Richtlinie gegen Kinder- und Zwangsarbeit"},"content":{"rendered":"<p>Tigercat Industries verpflichtet sich zu einer verantwortungsvollen Gesch\u00e4ftst\u00e4tigkeit weltweit. Im Einklang mit unseren Werten verbieten wir strengstens jede Form von Zwangs- oder Kinderarbeit und erwarten dies auch von unseren Lieferanten und deren Lieferketten.<\/p>\n<p>Der Zweck dieser Richtlinie ist es, unser klares Bekenntnis zu den Menschenrechten und unsere Verpflichtung zu bekr\u00e4ftigen, nicht zur Ausbeutung von Zwangs- oder Kinderarbeit bei der Herstellung von Tigercat Ger\u00e4ten beizutragen, diese zu unterst\u00fctzen oder zu erm\u00f6glichen.<\/p>\n<p><strong><u>Tigercats Begriffsbestimmungen zu Kinder- und Zwangsarbeit<\/u><\/strong><strong>:<\/strong><\/p>\n<p><strong>Kind\u00a0\u2013<\/strong> F\u00fcr die Zwecke dieser Grunds\u00e4tze definiert Tigercat unabh\u00e4ngig von nationalen Gesetzen, lokalen Gesetzen oder Vorschriften als Kind jede Person, die j\u00fcnger als 15\u00a0Jahre ist. An Standorten und Orten, an denen nationale oder lokale Gesetze oder Vorschriften ein Mindestalter f\u00fcr die Besch\u00e4ftigung von mehr als 15\u00a0Jahren vorsehen oder zus\u00e4tzliche Beschr\u00e4nkungen f\u00fcr T\u00e4tigkeiten wie gef\u00e4hrliche Arbeiten auferlegen, m\u00fcssen diese Gesetze und Vorschriften eingehalten werden.<\/p>\n<p><strong>Gef\u00e4hrliche Arbeit\u00a0\u2013<\/strong> Arbeit unter gef\u00e4hrlichen oder gesundheitssch\u00e4dlichen Bedingungen, die aufgrund der Arbeitsbedingungen zum Tod, zu Verletzungen oder zu Krankheiten f\u00fchren kann. Zu gef\u00e4hrlichen Arbeiten z\u00e4hlen unter anderem:<\/p>\n<ul>\n<li>Arbeiten unter Tage, unter Wasser, in gef\u00e4hrlichen H\u00f6hen oder in engen R\u00e4umen.<\/li>\n<\/ul>\n<ul>\n<li>Arbeiten mit gef\u00e4hrlichen Maschinen, Ger\u00e4ten und Werkzeugen oder Arbeiten, die das manuelle Handhaben oder Transportieren schwerer Lasten erfordern.<\/li>\n<li>Arbeiten in einer gesundheitssch\u00e4dlichen Umgebung, in der Arbeitnehmer gef\u00e4hrlichen Stoffen, Wirkstoffen oder Prozessen oder gesundheitssch\u00e4dlichen Temperaturen, L\u00e4rmpegeln oder Vibrationen ausgesetzt sind.<\/li>\n<\/ul>\n<ul>\n<li>Arbeiten unter besonders schwierigen Bedingungen, wie z.\u00a0B. Arbeiten mit langen Arbeitszeiten oder nachts oder Arbeiten, bei denen die Arbeitnehmer in unangemessener Weise auf dem Betriebsgel\u00e4nde des Arbeitgebers festgehalten werden.<\/li>\n<\/ul>\n<p><strong>Zwangsarbeit\u00a0\u2013<\/strong> Arbeit oder Dienstleistungen, die von einer Person unter Umst\u00e4nden erbracht oder angeboten werden, die<\/p>\n<ul>\n<li>nach vern\u00fcnftigem Ermessen zu der Annahme f\u00fchren k\u00f6nnten, dass die Sicherheit dieser Person oder die Sicherheit einer ihr bekannten Person gef\u00e4hrdet w\u00e4re, wenn sie die Arbeit oder Dienstleistung nicht erbringt oder anbietet; oder<\/li>\n<li>die von einer Person unter Androhung einer Strafe verlangt werden und f\u00fcr die sich die betreffende Person nicht freiwillig zur Verf\u00fcgung gestellt hat.<\/li>\n<\/ul>\n<p><strong><u>Tigercats Verpflichtung:<\/u><\/strong><\/p>\n<p>Tigercat best\u00e4tigt, dass die Arbeitnehmer, die zur Herstellung und Lieferung der angebotenen Waren und Dienstleistungen ganz oder teilweise eingesetzt werden, in keinem Fall Kinder unter 15\u00a0Jahren oder, im Falle gef\u00e4hrlicher Arbeiten, unter 18\u00a0Jahren sind.\u00a0 Tigercat best\u00e4tigt, dass das Unternehmen wissentlich keine Kinderarbeit einsetzt.<\/p>\n<p>Tigercat best\u00e4tigt, dass die Arbeitnehmer, die das Unternehmen zur Herstellung und Lieferung der angebotenen Waren und Dienstleistungen ganz oder teilweise einsetzt und einsetzen wird, in allen F\u00e4llen freiwillig arbeiten. Tigercat best\u00e4tigt, dass das Unternehmen wissentlich keine Zwangsarbeit einsetzt.<\/p>\n<p><strong><u>Tigercats Erwartungen an die Lieferkette:<\/u><\/strong><\/p>\n<p>Tigercat erwartet, dass seine Lieferanten und deren Lieferketten sich der oben genannten Verbote von Kinder- und Zwangsarbeit voll bewusst sind und bei der Herstellung von Teilen und Materialien, die ganz oder teilweise an Tigercat geliefert werden, weder direkt noch indirekt Kinder- oder Zwangsarbeit einsetzen oder deren Einsatz erleichtern.<\/p>\n<p>Stellt Tigercat fest, dass ein Versto\u00df oder eine Verletzung der einschl\u00e4gigen Gesetze oder Vorschriften vorliegt, benachrichtigt Tigercat den Lieferanten, und der Lieferant hat den Versto\u00df oder die Verletzung unverz\u00fcglich zu beheben. Wenn Tigercat feststellt, dass der Lieferant den Versto\u00df oder die Zuwiderhandlung nicht behoben hat, kann Tigercat den Vertrag mit sofortiger Wirkung k\u00fcndigen, wobei diese K\u00fcndigung aus wichtigem Grund erfolgt.<\/p>\n<p>Die Bestellbedingungen von Tigercat verlangen von den Lieferanten die Einhaltung dieser Richtlinie, wonach sie keine Kinder- oder Zwangsarbeit einsetzen oder wissentlich in Anspruch nehmen d\u00fcrfen.<\/p>\n","protected":false},"excerpt":{"rendered":"","protected":false},"author":7,"featured_media":0,"parent":0,"menu_order":0,"comment_status":"closed","ping_status":"closed","template":"","meta":{"_acf_changed":false,"_lmt_disableupdate":"no","_lmt_disable":"","footnotes":""},"class_list":["post-90934","page","type-page","status-publish","hentry"],"acf":[],"yoast_head":"<!-- This site is optimized with the Yoast SEO Premium plugin v27.2 (Yoast SEO v27.2) - https:\/\/yoast.com\/product\/yoast-seo-premium-wordpress\/ -->\n<title>Richtlinie gegen Kinder- und Zwangsarbeit - Tigercat<\/title>\n<meta name=\"robots\" content=\"index, follow, max-snippet:-1, max-image-preview:large, max-video-preview:-1\" \/>\n<link rel=\"canonical\" href=\"https:\/\/www.tigercat.com\/de\/richtlinie-gegen-kinder-zwangsarbeit\/\" \/>\n<meta property=\"og:locale\" content=\"de_DE\" \/>\n<meta property=\"og:type\" content=\"article\" \/>\n<meta property=\"og:title\" content=\"Richtlinie gegen Kinder- und Zwangsarbeit\" \/>\n<meta property=\"og:url\" content=\"https:\/\/www.tigercat.com\/de\/richtlinie-gegen-kinder-zwangsarbeit\/\" \/>\n<meta property=\"og:site_name\" content=\"Tigercat\" \/>\n<meta property=\"article:publisher\" content=\"http:\/\/www.facebook.com\/Tigercat\/\" \/>\n<meta property=\"article:modified_time\" content=\"2025-10-14T09:59:09+00:00\" \/>\n<meta name=\"twitter:label1\" content=\"Est. reading time\" \/>\n\t<meta name=\"twitter:data1\" content=\"3\u00a0Minuten\" \/>\n<script type=\"application\/ld+json\" class=\"yoast-schema-graph\">{\"@context\":\"https:\/\/schema.org\",\"@graph\":[{\"@type\":\"WebPage\",\"@id\":\"https:\/\/www.tigercat.com\/de\/richtlinie-gegen-kinder-zwangsarbeit\/\",\"url\":\"https:\/\/www.tigercat.com\/de\/richtlinie-gegen-kinder-zwangsarbeit\/\",\"name\":\"Richtlinie gegen Kinder- und Zwangsarbeit - Tigercat\",\"isPartOf\":{\"@id\":\"https:\/\/www.tigercat.com\/de\/#website\"},\"datePublished\":\"2023-02-14T19:50:19+00:00\",\"dateModified\":\"2025-10-14T09:59:09+00:00\",\"breadcrumb\":{\"@id\":\"https:\/\/www.tigercat.com\/de\/richtlinie-gegen-kinder-zwangsarbeit\/#breadcrumb\"},\"inLanguage\":\"de\",\"potentialAction\":[{\"@type\":\"ReadAction\",\"target\":[\"https:\/\/www.tigercat.com\/de\/richtlinie-gegen-kinder-zwangsarbeit\/\"]}]},{\"@type\":\"BreadcrumbList\",\"@id\":\"https:\/\/www.tigercat.com\/de\/richtlinie-gegen-kinder-zwangsarbeit\/#breadcrumb\",\"itemListElement\":[{\"@type\":\"ListItem\",\"position\":1,\"name\":\"Home\",\"item\":\"https:\/\/www.tigercat.com\/de\/\"},{\"@type\":\"ListItem\",\"position\":2,\"name\":\"Richtlinie gegen Kinder- und Zwangsarbeit\"}]},{\"@type\":\"WebSite\",\"@id\":\"https:\/\/www.tigercat.com\/de\/#website\",\"url\":\"https:\/\/www.tigercat.com\/de\/\",\"name\":\"%%title%%\",\"description\":\"\",\"publisher\":{\"@id\":\"https:\/\/www.tigercat.com\/de\/#organization\"},\"potentialAction\":[{\"@type\":\"SearchAction\",\"target\":{\"@type\":\"EntryPoint\",\"urlTemplate\":\"https:\/\/www.tigercat.com\/de\/?s={search_term_string}\"},\"query-input\":{\"@type\":\"PropertyValueSpecification\",\"valueRequired\":true,\"valueName\":\"search_term_string\"}}],\"inLanguage\":\"de\"},{\"@type\":\"Organization\",\"@id\":\"https:\/\/www.tigercat.com\/de\/#organization\",\"name\":\"Tigercat Industries Inc\",\"url\":\"https:\/\/www.tigercat.com\/de\/\",\"logo\":{\"@type\":\"ImageObject\",\"inLanguage\":\"de\",\"@id\":\"https:\/\/www.tigercat.com\/de\/#\/schema\/logo\/image\/\",\"url\":\"https:\/\/www.tigercat.com\/wp-content\/uploads\/2017\/04\/tigercat_logo_700.png\",\"contentUrl\":\"https:\/\/www.tigercat.com\/wp-content\/uploads\/2017\/04\/tigercat_logo_700.png\",\"width\":700,\"height\":186,\"caption\":\"Tigercat Industries Inc\"},\"image\":{\"@id\":\"https:\/\/www.tigercat.com\/de\/#\/schema\/logo\/image\/\"},\"sameAs\":[\"http:\/\/www.facebook.com\/Tigercat\/\",\"http:\/\/www.linkedin.com\/company\/tigercat-inc-?trk=top_nav_home\",\"http:\/\/www.youtube.com\/user\/TigercatForestry\",\"https:\/\/www.instagram.com\/tigercat_machines\/\"]}]}<\/script>\n<!-- \/ Yoast SEO Premium plugin. -->","yoast_head_json":{"title":"Richtlinie gegen Kinder- und Zwangsarbeit - Tigercat","robots":{"index":"index","follow":"follow","max-snippet":"max-snippet:-1","max-image-preview":"max-image-preview:large","max-video-preview":"max-video-preview:-1"},"canonical":"https:\/\/www.tigercat.com\/de\/richtlinie-gegen-kinder-zwangsarbeit\/","og_locale":"de_DE","og_type":"article","og_title":"Richtlinie gegen Kinder- und Zwangsarbeit","og_url":"https:\/\/www.tigercat.com\/de\/richtlinie-gegen-kinder-zwangsarbeit\/","og_site_name":"Tigercat","article_publisher":"http:\/\/www.facebook.com\/Tigercat\/","article_modified_time":"2025-10-14T09:59:09+00:00","twitter_misc":{"Est. reading time":"3\u00a0Minuten"},"schema":{"@context":"https:\/\/schema.org","@graph":[{"@type":"WebPage","@id":"https:\/\/www.tigercat.com\/de\/richtlinie-gegen-kinder-zwangsarbeit\/","url":"https:\/\/www.tigercat.com\/de\/richtlinie-gegen-kinder-zwangsarbeit\/","name":"Richtlinie gegen Kinder- und Zwangsarbeit - Tigercat","isPartOf":{"@id":"https:\/\/www.tigercat.com\/de\/#website"},"datePublished":"2023-02-14T19:50:19+00:00","dateModified":"2025-10-14T09:59:09+00:00","breadcrumb":{"@id":"https:\/\/www.tigercat.com\/de\/richtlinie-gegen-kinder-zwangsarbeit\/#breadcrumb"},"inLanguage":"de","potentialAction":[{"@type":"ReadAction","target":["https:\/\/www.tigercat.com\/de\/richtlinie-gegen-kinder-zwangsarbeit\/"]}]},{"@type":"BreadcrumbList","@id":"https:\/\/www.tigercat.com\/de\/richtlinie-gegen-kinder-zwangsarbeit\/#breadcrumb","itemListElement":[{"@type":"ListItem","position":1,"name":"Home","item":"https:\/\/www.tigercat.com\/de\/"},{"@type":"ListItem","position":2,"name":"Richtlinie gegen Kinder- und Zwangsarbeit"}]},{"@type":"WebSite","@id":"https:\/\/www.tigercat.com\/de\/#website","url":"https:\/\/www.tigercat.com\/de\/","name":"%%title%%","description":"","publisher":{"@id":"https:\/\/www.tigercat.com\/de\/#organization"},"potentialAction":[{"@type":"SearchAction","target":{"@type":"EntryPoint","urlTemplate":"https:\/\/www.tigercat.com\/de\/?s={search_term_string}"},"query-input":{"@type":"PropertyValueSpecification","valueRequired":true,"valueName":"search_term_string"}}],"inLanguage":"de"},{"@type":"Organization","@id":"https:\/\/www.tigercat.com\/de\/#organization","name":"Tigercat Industries Inc","url":"https:\/\/www.tigercat.com\/de\/","logo":{"@type":"ImageObject","inLanguage":"de","@id":"https:\/\/www.tigercat.com\/de\/#\/schema\/logo\/image\/","url":"https:\/\/www.tigercat.com\/wp-content\/uploads\/2017\/04\/tigercat_logo_700.png","contentUrl":"https:\/\/www.tigercat.com\/wp-content\/uploads\/2017\/04\/tigercat_logo_700.png","width":700,"height":186,"caption":"Tigercat Industries Inc"},"image":{"@id":"https:\/\/www.tigercat.com\/de\/#\/schema\/logo\/image\/"},"sameAs":["http:\/\/www.facebook.com\/Tigercat\/","http:\/\/www.linkedin.com\/company\/tigercat-inc-?trk=top_nav_home","http:\/\/www.youtube.com\/user\/TigercatForestry","https:\/\/www.instagram.com\/tigercat_machines\/"]}]}},"_links":{"self":[{"href":"https:\/\/www.tigercat.com\/de\/wp-json\/wp\/v2\/pages\/90934","targetHints":{"allow":["GET"]}}],"collection":[{"href":"https:\/\/www.tigercat.com\/de\/wp-json\/wp\/v2\/pages"}],"about":[{"href":"https:\/\/www.tigercat.com\/de\/wp-json\/wp\/v2\/types\/page"}],"author":[{"embeddable":true,"href":"https:\/\/www.tigercat.com\/de\/wp-json\/wp\/v2\/users\/7"}],"replies":[{"embeddable":true,"href":"https:\/\/www.tigercat.com\/de\/wp-json\/wp\/v2\/comments?post=90934"}],"version-history":[{"count":0,"href":"https:\/\/www.tigercat.com\/de\/wp-json\/wp\/v2\/pages\/90934\/revisions"}],"wp:attachment":[{"href":"https:\/\/www.tigercat.com\/de\/wp-json\/wp\/v2\/media?parent=90934"}],"curies":[{"name":"wp","href":"https:\/\/api.w.org\/{rel}","templated":true}]}}