{"id":66928,"date":"2014-10-30T11:05:33","date_gmt":"2014-10-30T11:05:33","guid":{"rendered":"https:\/\/www.tigercat.com\/legal\/"},"modified":"2024-08-09T10:55:30","modified_gmt":"2024-08-09T10:55:30","slug":"legal","status":"publish","type":"page","link":"https:\/\/www.tigercat.com\/es\/legal\/","title":{"rendered":"Legal"},"content":{"rendered":"<h1>Pol\u00edtica legal<\/h1>\n<p>Este sitio web ha sido creado para el beneficio y uso de los distribuidores, empleados, clientes y potenciales clientes de Tigercat.<\/p>\n<p>Es posible que no todos los productos est\u00e9n disponibles. Las especificaciones de las m\u00e1quinas y otra informaci\u00f3n relacionada con los productos y servicios de Tigercat pueden modificarse en cualquier momento sin previo aviso. Este sitio web puede incluir imprecisiones. Tigercat no se responsabiliza por los errores u omisiones en este sitio web. La informaci\u00f3n de este sitio web se proporciona &#8220;tal cual&#8221;, sin garant\u00eda alguna, ni expresa ni impl\u00edcita.<\/p>\n<p>Los productos de Tigercat pueden estar protegidos por una o m\u00e1s de las siguientes patentes de EE.\u00a0UU. o Canad\u00e1, o por las patentes correspondientes en otros pa\u00edses.<\/p>\n<p>Consulte <a href=\"http:\/\/www.tigercat.com\/patents\">marcas de patentes virtuales<\/a><\/p>\n<p><a href=\"https:\/\/www.tigercat.com\/wp-content\/uploads\/2024\/06\/Canada-Forced-and-Child-Labour-Report-2023.pdf\" target=\"_blank\" rel=\"noopener\">Informe de Canad\u00e1 sobre Trabajo Forzoso e Infantil 2023<\/a><\/p>\n","protected":false},"excerpt":{"rendered":"","protected":false},"author":8,"featured_media":0,"parent":0,"menu_order":9,"comment_status":"closed","ping_status":"closed","template":"","meta":{"_acf_changed":false,"_lmt_disableupdate":"","_lmt_disable":"","footnotes":""},"class_list":["post-66928","page","type-page","status-publish","hentry"],"acf":[],"yoast_head":"<!-- This site is optimized with the Yoast SEO Premium plugin v27.2 (Yoast SEO v27.2) - https:\/\/yoast.com\/product\/yoast-seo-premium-wordpress\/ -->\n<title>Legal | Tigercat<\/title>\n<meta name=\"description\" content=\"Este sitio web se ha establecido para el beneficio y uso de los distribuidores, empleados, clientes y posibles clientes de Tigercat.\" \/>\n<meta name=\"robots\" content=\"index, follow, max-snippet:-1, max-image-preview:large, max-video-preview:-1\" \/>\n<link rel=\"canonical\" href=\"https:\/\/www.tigercat.com\/es\/legal\/\" \/>\n<meta property=\"og:locale\" content=\"es_ES\" \/>\n<meta property=\"og:type\" content=\"article\" \/>\n<meta property=\"og:title\" content=\"Legal\" \/>\n<meta property=\"og:description\" content=\"Este sitio web se ha establecido para el beneficio y uso de los distribuidores, empleados, clientes y posibles clientes de Tigercat.\" \/>\n<meta property=\"og:url\" content=\"https:\/\/www.tigercat.com\/es\/legal\/\" \/>\n<meta property=\"og:site_name\" content=\"Tigercat\" \/>\n<meta property=\"article:publisher\" content=\"http:\/\/www.facebook.com\/Tigercat\/\" \/>\n<meta property=\"article:modified_time\" content=\"2024-08-09T10:55:30+00:00\" \/>\n<meta name=\"twitter:label1\" content=\"Est. reading time\" \/>\n\t<meta name=\"twitter:data1\" content=\"1 minute\" \/>\n<script type=\"application\/ld+json\" class=\"yoast-schema-graph\">{\"@context\":\"https:\/\/schema.org\",\"@graph\":[{\"@type\":\"WebPage\",\"@id\":\"https:\/\/www.tigercat.com\/es\/legal\/\",\"url\":\"https:\/\/www.tigercat.com\/es\/legal\/\",\"name\":\"Legal | Tigercat\",\"isPartOf\":{\"@id\":\"https:\/\/www.tigercat.com\/es\/#website\"},\"datePublished\":\"2014-10-30T11:05:33+00:00\",\"dateModified\":\"2024-08-09T10:55:30+00:00\",\"description\":\"Este sitio web se ha establecido para el beneficio y uso de los distribuidores, empleados, clientes y posibles clientes de Tigercat.\",\"breadcrumb\":{\"@id\":\"https:\/\/www.tigercat.com\/es\/legal\/#breadcrumb\"},\"inLanguage\":\"es\",\"potentialAction\":[{\"@type\":\"ReadAction\",\"target\":[\"https:\/\/www.tigercat.com\/es\/legal\/\"]}]},{\"@type\":\"BreadcrumbList\",\"@id\":\"https:\/\/www.tigercat.com\/es\/legal\/#breadcrumb\",\"itemListElement\":[{\"@type\":\"ListItem\",\"position\":1,\"name\":\"Home\",\"item\":\"https:\/\/www.tigercat.com\/es\/\"},{\"@type\":\"ListItem\",\"position\":2,\"name\":\"Legal\"}]},{\"@type\":\"WebSite\",\"@id\":\"https:\/\/www.tigercat.com\/es\/#website\",\"url\":\"https:\/\/www.tigercat.com\/es\/\",\"name\":\"%%title%%\",\"description\":\"\",\"publisher\":{\"@id\":\"https:\/\/www.tigercat.com\/es\/#organization\"},\"potentialAction\":[{\"@type\":\"SearchAction\",\"target\":{\"@type\":\"EntryPoint\",\"urlTemplate\":\"https:\/\/www.tigercat.com\/es\/?s={search_term_string}\"},\"query-input\":{\"@type\":\"PropertyValueSpecification\",\"valueRequired\":true,\"valueName\":\"search_term_string\"}}],\"inLanguage\":\"es\"},{\"@type\":\"Organization\",\"@id\":\"https:\/\/www.tigercat.com\/es\/#organization\",\"name\":\"Tigercat Industries Inc\",\"url\":\"https:\/\/www.tigercat.com\/es\/\",\"logo\":{\"@type\":\"ImageObject\",\"inLanguage\":\"es\",\"@id\":\"https:\/\/www.tigercat.com\/es\/#\/schema\/logo\/image\/\",\"url\":\"https:\/\/www.tigercat.com\/wp-content\/uploads\/2017\/04\/tigercat_logo_700.png\",\"contentUrl\":\"https:\/\/www.tigercat.com\/wp-content\/uploads\/2017\/04\/tigercat_logo_700.png\",\"width\":700,\"height\":186,\"caption\":\"Tigercat Industries Inc\"},\"image\":{\"@id\":\"https:\/\/www.tigercat.com\/es\/#\/schema\/logo\/image\/\"},\"sameAs\":[\"http:\/\/www.facebook.com\/Tigercat\/\",\"http:\/\/www.linkedin.com\/company\/tigercat-inc-?trk=top_nav_home\",\"http:\/\/www.youtube.com\/user\/TigercatForestry\",\"https:\/\/www.instagram.com\/tigercat_machines\/\"]}]}<\/script>\n<!-- \/ Yoast SEO Premium plugin. -->","yoast_head_json":{"title":"Legal | Tigercat","description":"Este sitio web se ha establecido para el beneficio y uso de los distribuidores, empleados, clientes y posibles clientes de Tigercat.","robots":{"index":"index","follow":"follow","max-snippet":"max-snippet:-1","max-image-preview":"max-image-preview:large","max-video-preview":"max-video-preview:-1"},"canonical":"https:\/\/www.tigercat.com\/es\/legal\/","og_locale":"es_ES","og_type":"article","og_title":"Legal","og_description":"Este sitio web se ha establecido para el beneficio y uso de los distribuidores, empleados, clientes y posibles clientes de Tigercat.","og_url":"https:\/\/www.tigercat.com\/es\/legal\/","og_site_name":"Tigercat","article_publisher":"http:\/\/www.facebook.com\/Tigercat\/","article_modified_time":"2024-08-09T10:55:30+00:00","twitter_misc":{"Est. reading time":"1 minute"},"schema":{"@context":"https:\/\/schema.org","@graph":[{"@type":"WebPage","@id":"https:\/\/www.tigercat.com\/es\/legal\/","url":"https:\/\/www.tigercat.com\/es\/legal\/","name":"Legal | Tigercat","isPartOf":{"@id":"https:\/\/www.tigercat.com\/es\/#website"},"datePublished":"2014-10-30T11:05:33+00:00","dateModified":"2024-08-09T10:55:30+00:00","description":"Este sitio web se ha establecido para el beneficio y uso de los distribuidores, empleados, clientes y posibles clientes de Tigercat.","breadcrumb":{"@id":"https:\/\/www.tigercat.com\/es\/legal\/#breadcrumb"},"inLanguage":"es","potentialAction":[{"@type":"ReadAction","target":["https:\/\/www.tigercat.com\/es\/legal\/"]}]},{"@type":"BreadcrumbList","@id":"https:\/\/www.tigercat.com\/es\/legal\/#breadcrumb","itemListElement":[{"@type":"ListItem","position":1,"name":"Home","item":"https:\/\/www.tigercat.com\/es\/"},{"@type":"ListItem","position":2,"name":"Legal"}]},{"@type":"WebSite","@id":"https:\/\/www.tigercat.com\/es\/#website","url":"https:\/\/www.tigercat.com\/es\/","name":"%%title%%","description":"","publisher":{"@id":"https:\/\/www.tigercat.com\/es\/#organization"},"potentialAction":[{"@type":"SearchAction","target":{"@type":"EntryPoint","urlTemplate":"https:\/\/www.tigercat.com\/es\/?s={search_term_string}"},"query-input":{"@type":"PropertyValueSpecification","valueRequired":true,"valueName":"search_term_string"}}],"inLanguage":"es"},{"@type":"Organization","@id":"https:\/\/www.tigercat.com\/es\/#organization","name":"Tigercat Industries Inc","url":"https:\/\/www.tigercat.com\/es\/","logo":{"@type":"ImageObject","inLanguage":"es","@id":"https:\/\/www.tigercat.com\/es\/#\/schema\/logo\/image\/","url":"https:\/\/www.tigercat.com\/wp-content\/uploads\/2017\/04\/tigercat_logo_700.png","contentUrl":"https:\/\/www.tigercat.com\/wp-content\/uploads\/2017\/04\/tigercat_logo_700.png","width":700,"height":186,"caption":"Tigercat Industries Inc"},"image":{"@id":"https:\/\/www.tigercat.com\/es\/#\/schema\/logo\/image\/"},"sameAs":["http:\/\/www.facebook.com\/Tigercat\/","http:\/\/www.linkedin.com\/company\/tigercat-inc-?trk=top_nav_home","http:\/\/www.youtube.com\/user\/TigercatForestry","https:\/\/www.instagram.com\/tigercat_machines\/"]}]}},"_links":{"self":[{"href":"https:\/\/www.tigercat.com\/es\/wp-json\/wp\/v2\/pages\/66928","targetHints":{"allow":["GET"]}}],"collection":[{"href":"https:\/\/www.tigercat.com\/es\/wp-json\/wp\/v2\/pages"}],"about":[{"href":"https:\/\/www.tigercat.com\/es\/wp-json\/wp\/v2\/types\/page"}],"author":[{"embeddable":true,"href":"https:\/\/www.tigercat.com\/es\/wp-json\/wp\/v2\/users\/8"}],"replies":[{"embeddable":true,"href":"https:\/\/www.tigercat.com\/es\/wp-json\/wp\/v2\/comments?post=66928"}],"version-history":[{"count":0,"href":"https:\/\/www.tigercat.com\/es\/wp-json\/wp\/v2\/pages\/66928\/revisions"}],"wp:attachment":[{"href":"https:\/\/www.tigercat.com\/es\/wp-json\/wp\/v2\/media?parent=66928"}],"curies":[{"name":"wp","href":"https:\/\/api.w.org\/{rel}","templated":true}]}}