{"id":66936,"date":"2014-12-04T17:08:16","date_gmt":"2014-12-04T17:08:16","guid":{"rendered":"https:\/\/www.tigercat.com\/cost-per-tonne\/"},"modified":"2023-12-26T14:11:52","modified_gmt":"2023-12-26T14:11:52","slug":"costo-por-tonelada","status":"publish","type":"page","link":"https:\/\/www.tigercat.com\/es\/costo-por-tonelada\/","title":{"rendered":"Costo por tonelada m\u00e9trica: notas t\u00e9cnicas"},"content":{"rendered":"","protected":false},"excerpt":{"rendered":"<p>El an\u00e1lisis de costo por tonelada m\u00e9trica es un proceso invaluable que mejorar\u00e1 la eficiencia de su operaci\u00f3n y resultados finales.<\/p>\n","protected":false},"author":7,"featured_media":0,"parent":0,"menu_order":5,"comment_status":"closed","ping_status":"closed","template":"","meta":{"_acf_changed":false,"_lmt_disableupdate":"","_lmt_disable":"","footnotes":""},"class_list":["post-66936","page","type-page","status-publish","hentry"],"acf":[],"yoast_head":"<!-- This site is optimized with the Yoast SEO Premium plugin v27.2 (Yoast SEO v27.2) - https:\/\/yoast.com\/product\/yoast-seo-premium-wordpress\/ -->\n<title>Costo por tonelada m\u00e9trica | Operaciones de cosecha | Equipo de exploraci\u00f3n forestal de Tigercat<\/title>\n<meta name=\"description\" content=\"El costo por tonelada m\u00e9trica es el costo total operativo de cosecha dividido por su producci\u00f3n total. Descubra c\u00f3mo calcularlo y por qu\u00e9 es importante.\" \/>\n<meta name=\"robots\" content=\"index, follow, max-snippet:-1, max-image-preview:large, max-video-preview:-1\" \/>\n<link rel=\"canonical\" href=\"https:\/\/www.tigercat.com\/es\/costo-por-tonelada\/\" \/>\n<meta property=\"og:locale\" content=\"es_ES\" \/>\n<meta property=\"og:type\" content=\"article\" \/>\n<meta property=\"og:title\" content=\"Costo por tonelada m\u00e9trica: notas t\u00e9cnicas\" \/>\n<meta property=\"og:description\" content=\"El costo por tonelada m\u00e9trica es el costo total operativo de cosecha dividido por su producci\u00f3n total. Descubra c\u00f3mo calcularlo y por qu\u00e9 es importante.\" \/>\n<meta property=\"og:url\" content=\"https:\/\/www.tigercat.com\/es\/costo-por-tonelada\/\" \/>\n<meta property=\"og:site_name\" content=\"Tigercat\" \/>\n<meta property=\"article:publisher\" content=\"http:\/\/www.facebook.com\/Tigercat\/\" \/>\n<meta property=\"article:modified_time\" content=\"2023-12-26T14:11:52+00:00\" \/>\n<script type=\"application\/ld+json\" class=\"yoast-schema-graph\">{\"@context\":\"https:\/\/schema.org\",\"@graph\":[{\"@type\":\"WebPage\",\"@id\":\"https:\/\/www.tigercat.com\/es\/costo-por-tonelada\/\",\"url\":\"https:\/\/www.tigercat.com\/es\/costo-por-tonelada\/\",\"name\":\"Costo por tonelada m\u00e9trica | Operaciones de cosecha | Equipo de exploraci\u00f3n forestal de Tigercat\",\"isPartOf\":{\"@id\":\"https:\/\/www.tigercat.com\/es\/#website\"},\"datePublished\":\"2014-12-04T17:08:16+00:00\",\"dateModified\":\"2023-12-26T14:11:52+00:00\",\"description\":\"El costo por tonelada m\u00e9trica es el costo total operativo de cosecha dividido por su producci\u00f3n total. Descubra c\u00f3mo calcularlo y por qu\u00e9 es importante.\",\"breadcrumb\":{\"@id\":\"https:\/\/www.tigercat.com\/es\/costo-por-tonelada\/#breadcrumb\"},\"inLanguage\":\"es\",\"potentialAction\":[{\"@type\":\"ReadAction\",\"target\":[\"https:\/\/www.tigercat.com\/es\/costo-por-tonelada\/\"]}]},{\"@type\":\"BreadcrumbList\",\"@id\":\"https:\/\/www.tigercat.com\/es\/costo-por-tonelada\/#breadcrumb\",\"itemListElement\":[{\"@type\":\"ListItem\",\"position\":1,\"name\":\"Home\",\"item\":\"https:\/\/www.tigercat.com\/es\/\"},{\"@type\":\"ListItem\",\"position\":2,\"name\":\"Costo por tonelada m\u00e9trica: notas t\u00e9cnicas\"}]},{\"@type\":\"WebSite\",\"@id\":\"https:\/\/www.tigercat.com\/es\/#website\",\"url\":\"https:\/\/www.tigercat.com\/es\/\",\"name\":\"%%title%%\",\"description\":\"\",\"publisher\":{\"@id\":\"https:\/\/www.tigercat.com\/es\/#organization\"},\"potentialAction\":[{\"@type\":\"SearchAction\",\"target\":{\"@type\":\"EntryPoint\",\"urlTemplate\":\"https:\/\/www.tigercat.com\/es\/?s={search_term_string}\"},\"query-input\":{\"@type\":\"PropertyValueSpecification\",\"valueRequired\":true,\"valueName\":\"search_term_string\"}}],\"inLanguage\":\"es\"},{\"@type\":\"Organization\",\"@id\":\"https:\/\/www.tigercat.com\/es\/#organization\",\"name\":\"Tigercat Industries Inc\",\"url\":\"https:\/\/www.tigercat.com\/es\/\",\"logo\":{\"@type\":\"ImageObject\",\"inLanguage\":\"es\",\"@id\":\"https:\/\/www.tigercat.com\/es\/#\/schema\/logo\/image\/\",\"url\":\"https:\/\/www.tigercat.com\/wp-content\/uploads\/2017\/04\/tigercat_logo_700.png\",\"contentUrl\":\"https:\/\/www.tigercat.com\/wp-content\/uploads\/2017\/04\/tigercat_logo_700.png\",\"width\":700,\"height\":186,\"caption\":\"Tigercat Industries Inc\"},\"image\":{\"@id\":\"https:\/\/www.tigercat.com\/es\/#\/schema\/logo\/image\/\"},\"sameAs\":[\"http:\/\/www.facebook.com\/Tigercat\/\",\"http:\/\/www.linkedin.com\/company\/tigercat-inc-?trk=top_nav_home\",\"http:\/\/www.youtube.com\/user\/TigercatForestry\",\"https:\/\/www.instagram.com\/tigercat_machines\/\"]}]}<\/script>\n<!-- \/ Yoast SEO Premium plugin. -->","yoast_head_json":{"title":"Costo por tonelada m\u00e9trica | Operaciones de cosecha | Equipo de exploraci\u00f3n forestal de Tigercat","description":"El costo por tonelada m\u00e9trica es el costo total operativo de cosecha dividido por su producci\u00f3n total. Descubra c\u00f3mo calcularlo y por qu\u00e9 es importante.","robots":{"index":"index","follow":"follow","max-snippet":"max-snippet:-1","max-image-preview":"max-image-preview:large","max-video-preview":"max-video-preview:-1"},"canonical":"https:\/\/www.tigercat.com\/es\/costo-por-tonelada\/","og_locale":"es_ES","og_type":"article","og_title":"Costo por tonelada m\u00e9trica: notas t\u00e9cnicas","og_description":"El costo por tonelada m\u00e9trica es el costo total operativo de cosecha dividido por su producci\u00f3n total. Descubra c\u00f3mo calcularlo y por qu\u00e9 es importante.","og_url":"https:\/\/www.tigercat.com\/es\/costo-por-tonelada\/","og_site_name":"Tigercat","article_publisher":"http:\/\/www.facebook.com\/Tigercat\/","article_modified_time":"2023-12-26T14:11:52+00:00","schema":{"@context":"https:\/\/schema.org","@graph":[{"@type":"WebPage","@id":"https:\/\/www.tigercat.com\/es\/costo-por-tonelada\/","url":"https:\/\/www.tigercat.com\/es\/costo-por-tonelada\/","name":"Costo por tonelada m\u00e9trica | Operaciones de cosecha | Equipo de exploraci\u00f3n forestal de Tigercat","isPartOf":{"@id":"https:\/\/www.tigercat.com\/es\/#website"},"datePublished":"2014-12-04T17:08:16+00:00","dateModified":"2023-12-26T14:11:52+00:00","description":"El costo por tonelada m\u00e9trica es el costo total operativo de cosecha dividido por su producci\u00f3n total. Descubra c\u00f3mo calcularlo y por qu\u00e9 es importante.","breadcrumb":{"@id":"https:\/\/www.tigercat.com\/es\/costo-por-tonelada\/#breadcrumb"},"inLanguage":"es","potentialAction":[{"@type":"ReadAction","target":["https:\/\/www.tigercat.com\/es\/costo-por-tonelada\/"]}]},{"@type":"BreadcrumbList","@id":"https:\/\/www.tigercat.com\/es\/costo-por-tonelada\/#breadcrumb","itemListElement":[{"@type":"ListItem","position":1,"name":"Home","item":"https:\/\/www.tigercat.com\/es\/"},{"@type":"ListItem","position":2,"name":"Costo por tonelada m\u00e9trica: notas t\u00e9cnicas"}]},{"@type":"WebSite","@id":"https:\/\/www.tigercat.com\/es\/#website","url":"https:\/\/www.tigercat.com\/es\/","name":"%%title%%","description":"","publisher":{"@id":"https:\/\/www.tigercat.com\/es\/#organization"},"potentialAction":[{"@type":"SearchAction","target":{"@type":"EntryPoint","urlTemplate":"https:\/\/www.tigercat.com\/es\/?s={search_term_string}"},"query-input":{"@type":"PropertyValueSpecification","valueRequired":true,"valueName":"search_term_string"}}],"inLanguage":"es"},{"@type":"Organization","@id":"https:\/\/www.tigercat.com\/es\/#organization","name":"Tigercat Industries Inc","url":"https:\/\/www.tigercat.com\/es\/","logo":{"@type":"ImageObject","inLanguage":"es","@id":"https:\/\/www.tigercat.com\/es\/#\/schema\/logo\/image\/","url":"https:\/\/www.tigercat.com\/wp-content\/uploads\/2017\/04\/tigercat_logo_700.png","contentUrl":"https:\/\/www.tigercat.com\/wp-content\/uploads\/2017\/04\/tigercat_logo_700.png","width":700,"height":186,"caption":"Tigercat Industries Inc"},"image":{"@id":"https:\/\/www.tigercat.com\/es\/#\/schema\/logo\/image\/"},"sameAs":["http:\/\/www.facebook.com\/Tigercat\/","http:\/\/www.linkedin.com\/company\/tigercat-inc-?trk=top_nav_home","http:\/\/www.youtube.com\/user\/TigercatForestry","https:\/\/www.instagram.com\/tigercat_machines\/"]}]}},"_links":{"self":[{"href":"https:\/\/www.tigercat.com\/es\/wp-json\/wp\/v2\/pages\/66936","targetHints":{"allow":["GET"]}}],"collection":[{"href":"https:\/\/www.tigercat.com\/es\/wp-json\/wp\/v2\/pages"}],"about":[{"href":"https:\/\/www.tigercat.com\/es\/wp-json\/wp\/v2\/types\/page"}],"author":[{"embeddable":true,"href":"https:\/\/www.tigercat.com\/es\/wp-json\/wp\/v2\/users\/7"}],"replies":[{"embeddable":true,"href":"https:\/\/www.tigercat.com\/es\/wp-json\/wp\/v2\/comments?post=66936"}],"version-history":[{"count":0,"href":"https:\/\/www.tigercat.com\/es\/wp-json\/wp\/v2\/pages\/66936\/revisions"}],"wp:attachment":[{"href":"https:\/\/www.tigercat.com\/es\/wp-json\/wp\/v2\/media?parent=66936"}],"curies":[{"name":"wp","href":"https:\/\/api.w.org\/{rel}","templated":true}]}}