{"id":66946,"date":"2022-01-19T17:29:00","date_gmt":"2022-01-19T17:29:00","guid":{"rendered":"https:\/\/www.tigercat.com\/filtration\/"},"modified":"2023-12-26T14:11:57","modified_gmt":"2023-12-26T14:11:57","slug":"filtracion","status":"publish","type":"page","link":"https:\/\/www.tigercat.com\/es\/filtracion\/","title":{"rendered":"La \u00faltima l\u00ednea de protecci\u00f3n"},"content":{"rendered":"","protected":false},"excerpt":{"rendered":"<p>Es esencial usar los filtros OEM correctos de Tigercat y mantener los intervalos de servicio recomendados para obtener la m\u00e1xima vida \u00fatil y el mayor tiempo de actividad de sus equipos. <\/p>\n","protected":false},"author":7,"featured_media":0,"parent":0,"menu_order":0,"comment_status":"closed","ping_status":"closed","template":"","meta":{"_acf_changed":false,"_lmt_disableupdate":"","_lmt_disable":"","footnotes":""},"class_list":["post-66946","page","type-page","status-publish","hentry"],"acf":[],"yoast_head":"<!-- This site is optimized with the Yoast SEO Premium plugin v27.2 (Yoast SEO v27.2) - https:\/\/yoast.com\/product\/yoast-seo-premium-wordpress\/ -->\n<title>Filtraci\u00f3n | Soporte de productos | Tigercat<\/title>\n<meta name=\"description\" content=\"La filtraci\u00f3n es la \u00faltima l\u00ednea de protecci\u00f3n. Descubra por qu\u00e9 es esencial usar los filtros correctos de la marca Tigercat y mantener los intervalos de servicio recomendados.\" \/>\n<meta name=\"robots\" content=\"index, follow, max-snippet:-1, max-image-preview:large, max-video-preview:-1\" \/>\n<link rel=\"canonical\" href=\"https:\/\/www.tigercat.com\/es\/filtracion\/\" \/>\n<meta property=\"og:locale\" content=\"es_ES\" \/>\n<meta property=\"og:type\" content=\"article\" \/>\n<meta property=\"og:title\" content=\"La \u00faltima l\u00ednea de protecci\u00f3n\" \/>\n<meta property=\"og:description\" content=\"La filtraci\u00f3n es la \u00faltima l\u00ednea de protecci\u00f3n. Descubra por qu\u00e9 es esencial usar los filtros correctos de la marca Tigercat y mantener los intervalos de servicio recomendados.\" \/>\n<meta property=\"og:url\" content=\"https:\/\/www.tigercat.com\/es\/filtracion\/\" \/>\n<meta property=\"og:site_name\" content=\"Tigercat\" \/>\n<meta property=\"article:publisher\" content=\"http:\/\/www.facebook.com\/Tigercat\/\" \/>\n<meta property=\"article:modified_time\" content=\"2023-12-26T14:11:57+00:00\" \/>\n<script type=\"application\/ld+json\" class=\"yoast-schema-graph\">{\"@context\":\"https:\/\/schema.org\",\"@graph\":[{\"@type\":\"WebPage\",\"@id\":\"https:\/\/www.tigercat.com\/es\/filtracion\/\",\"url\":\"https:\/\/www.tigercat.com\/es\/filtracion\/\",\"name\":\"Filtraci\u00f3n | Soporte de productos | Tigercat\",\"isPartOf\":{\"@id\":\"https:\/\/www.tigercat.com\/es\/#website\"},\"datePublished\":\"2022-01-19T17:29:00+00:00\",\"dateModified\":\"2023-12-26T14:11:57+00:00\",\"description\":\"La filtraci\u00f3n es la \u00faltima l\u00ednea de protecci\u00f3n. Descubra por qu\u00e9 es esencial usar los filtros correctos de la marca Tigercat y mantener los intervalos de servicio recomendados.\",\"breadcrumb\":{\"@id\":\"https:\/\/www.tigercat.com\/es\/filtracion\/#breadcrumb\"},\"inLanguage\":\"es\",\"potentialAction\":[{\"@type\":\"ReadAction\",\"target\":[\"https:\/\/www.tigercat.com\/es\/filtracion\/\"]}]},{\"@type\":\"BreadcrumbList\",\"@id\":\"https:\/\/www.tigercat.com\/es\/filtracion\/#breadcrumb\",\"itemListElement\":[{\"@type\":\"ListItem\",\"position\":1,\"name\":\"Home\",\"item\":\"https:\/\/www.tigercat.com\/es\/\"},{\"@type\":\"ListItem\",\"position\":2,\"name\":\"La \u00faltima l\u00ednea de protecci\u00f3n\"}]},{\"@type\":\"WebSite\",\"@id\":\"https:\/\/www.tigercat.com\/es\/#website\",\"url\":\"https:\/\/www.tigercat.com\/es\/\",\"name\":\"%%title%%\",\"description\":\"\",\"publisher\":{\"@id\":\"https:\/\/www.tigercat.com\/es\/#organization\"},\"potentialAction\":[{\"@type\":\"SearchAction\",\"target\":{\"@type\":\"EntryPoint\",\"urlTemplate\":\"https:\/\/www.tigercat.com\/es\/?s={search_term_string}\"},\"query-input\":{\"@type\":\"PropertyValueSpecification\",\"valueRequired\":true,\"valueName\":\"search_term_string\"}}],\"inLanguage\":\"es\"},{\"@type\":\"Organization\",\"@id\":\"https:\/\/www.tigercat.com\/es\/#organization\",\"name\":\"Tigercat Industries Inc\",\"url\":\"https:\/\/www.tigercat.com\/es\/\",\"logo\":{\"@type\":\"ImageObject\",\"inLanguage\":\"es\",\"@id\":\"https:\/\/www.tigercat.com\/es\/#\/schema\/logo\/image\/\",\"url\":\"https:\/\/www.tigercat.com\/wp-content\/uploads\/2017\/04\/tigercat_logo_700.png\",\"contentUrl\":\"https:\/\/www.tigercat.com\/wp-content\/uploads\/2017\/04\/tigercat_logo_700.png\",\"width\":700,\"height\":186,\"caption\":\"Tigercat Industries Inc\"},\"image\":{\"@id\":\"https:\/\/www.tigercat.com\/es\/#\/schema\/logo\/image\/\"},\"sameAs\":[\"http:\/\/www.facebook.com\/Tigercat\/\",\"http:\/\/www.linkedin.com\/company\/tigercat-inc-?trk=top_nav_home\",\"http:\/\/www.youtube.com\/user\/TigercatForestry\",\"https:\/\/www.instagram.com\/tigercat_machines\/\"]}]}<\/script>\n<!-- \/ Yoast SEO Premium plugin. -->","yoast_head_json":{"title":"Filtraci\u00f3n | Soporte de productos | Tigercat","description":"La filtraci\u00f3n es la \u00faltima l\u00ednea de protecci\u00f3n. Descubra por qu\u00e9 es esencial usar los filtros correctos de la marca Tigercat y mantener los intervalos de servicio recomendados.","robots":{"index":"index","follow":"follow","max-snippet":"max-snippet:-1","max-image-preview":"max-image-preview:large","max-video-preview":"max-video-preview:-1"},"canonical":"https:\/\/www.tigercat.com\/es\/filtracion\/","og_locale":"es_ES","og_type":"article","og_title":"La \u00faltima l\u00ednea de protecci\u00f3n","og_description":"La filtraci\u00f3n es la \u00faltima l\u00ednea de protecci\u00f3n. Descubra por qu\u00e9 es esencial usar los filtros correctos de la marca Tigercat y mantener los intervalos de servicio recomendados.","og_url":"https:\/\/www.tigercat.com\/es\/filtracion\/","og_site_name":"Tigercat","article_publisher":"http:\/\/www.facebook.com\/Tigercat\/","article_modified_time":"2023-12-26T14:11:57+00:00","schema":{"@context":"https:\/\/schema.org","@graph":[{"@type":"WebPage","@id":"https:\/\/www.tigercat.com\/es\/filtracion\/","url":"https:\/\/www.tigercat.com\/es\/filtracion\/","name":"Filtraci\u00f3n | Soporte de productos | Tigercat","isPartOf":{"@id":"https:\/\/www.tigercat.com\/es\/#website"},"datePublished":"2022-01-19T17:29:00+00:00","dateModified":"2023-12-26T14:11:57+00:00","description":"La filtraci\u00f3n es la \u00faltima l\u00ednea de protecci\u00f3n. Descubra por qu\u00e9 es esencial usar los filtros correctos de la marca Tigercat y mantener los intervalos de servicio recomendados.","breadcrumb":{"@id":"https:\/\/www.tigercat.com\/es\/filtracion\/#breadcrumb"},"inLanguage":"es","potentialAction":[{"@type":"ReadAction","target":["https:\/\/www.tigercat.com\/es\/filtracion\/"]}]},{"@type":"BreadcrumbList","@id":"https:\/\/www.tigercat.com\/es\/filtracion\/#breadcrumb","itemListElement":[{"@type":"ListItem","position":1,"name":"Home","item":"https:\/\/www.tigercat.com\/es\/"},{"@type":"ListItem","position":2,"name":"La \u00faltima l\u00ednea de protecci\u00f3n"}]},{"@type":"WebSite","@id":"https:\/\/www.tigercat.com\/es\/#website","url":"https:\/\/www.tigercat.com\/es\/","name":"%%title%%","description":"","publisher":{"@id":"https:\/\/www.tigercat.com\/es\/#organization"},"potentialAction":[{"@type":"SearchAction","target":{"@type":"EntryPoint","urlTemplate":"https:\/\/www.tigercat.com\/es\/?s={search_term_string}"},"query-input":{"@type":"PropertyValueSpecification","valueRequired":true,"valueName":"search_term_string"}}],"inLanguage":"es"},{"@type":"Organization","@id":"https:\/\/www.tigercat.com\/es\/#organization","name":"Tigercat Industries Inc","url":"https:\/\/www.tigercat.com\/es\/","logo":{"@type":"ImageObject","inLanguage":"es","@id":"https:\/\/www.tigercat.com\/es\/#\/schema\/logo\/image\/","url":"https:\/\/www.tigercat.com\/wp-content\/uploads\/2017\/04\/tigercat_logo_700.png","contentUrl":"https:\/\/www.tigercat.com\/wp-content\/uploads\/2017\/04\/tigercat_logo_700.png","width":700,"height":186,"caption":"Tigercat Industries Inc"},"image":{"@id":"https:\/\/www.tigercat.com\/es\/#\/schema\/logo\/image\/"},"sameAs":["http:\/\/www.facebook.com\/Tigercat\/","http:\/\/www.linkedin.com\/company\/tigercat-inc-?trk=top_nav_home","http:\/\/www.youtube.com\/user\/TigercatForestry","https:\/\/www.instagram.com\/tigercat_machines\/"]}]}},"_links":{"self":[{"href":"https:\/\/www.tigercat.com\/es\/wp-json\/wp\/v2\/pages\/66946","targetHints":{"allow":["GET"]}}],"collection":[{"href":"https:\/\/www.tigercat.com\/es\/wp-json\/wp\/v2\/pages"}],"about":[{"href":"https:\/\/www.tigercat.com\/es\/wp-json\/wp\/v2\/types\/page"}],"author":[{"embeddable":true,"href":"https:\/\/www.tigercat.com\/es\/wp-json\/wp\/v2\/users\/7"}],"replies":[{"embeddable":true,"href":"https:\/\/www.tigercat.com\/es\/wp-json\/wp\/v2\/comments?post=66946"}],"version-history":[{"count":0,"href":"https:\/\/www.tigercat.com\/es\/wp-json\/wp\/v2\/pages\/66946\/revisions"}],"wp:attachment":[{"href":"https:\/\/www.tigercat.com\/es\/wp-json\/wp\/v2\/media?parent=66946"}],"curies":[{"name":"wp","href":"https:\/\/api.w.org\/{rel}","templated":true}]}}