{"id":66889,"date":"2014-08-04T13:40:20","date_gmt":"2014-08-04T13:40:20","guid":{"rendered":"https:\/\/www.tigercat.com\/dealers\/"},"modified":"2025-05-21T10:32:21","modified_gmt":"2025-05-21T10:32:21","slug":"concessionnaires","status":"publish","type":"page","link":"https:\/\/www.tigercat.com\/fr\/concessionnaires\/","title":{"rendered":"Concessionnaires Tigercat | TCi dans le monde entier"},"content":{"rendered":"","protected":false},"excerpt":{"rendered":"<p>Une assistance locale et garantie par l\u2019usine pour l&#8217;entretien et les pi\u00e8ces est essentielle pour garantir les niveaux les plus \u00e9lev\u00e9s de fonctionnement et de disponibilit\u00e9 des machines. L\u2019excellent r\u00e9seau de concessionnaires de Tigercat s\u2019\u00e9tend dans le monde entier. Localisez votre concessionnaire Tigercat ou TCi ici.<\/p>\n","protected":false},"author":8,"featured_media":404,"parent":0,"menu_order":18,"comment_status":"closed","ping_status":"closed","template":"page-dealers.php","meta":{"_acf_changed":false,"_lmt_disableupdate":"","_lmt_disable":"","footnotes":""},"class_list":["post-66889","page","type-page","status-publish","has-post-thumbnail","hentry"],"acf":[],"yoast_head":"<!-- This site is optimized with the Yoast SEO Premium plugin v27.2 (Yoast SEO v27.2) - https:\/\/yoast.com\/product\/yoast-seo-premium-wordpress\/ -->\n<title>Concessionnaires Tigercat et TCi | Moteur de recherche mondial | Distributeur | Tigercat<\/title>\n<meta name=\"description\" content=\"Les concessionnaires d&#039;\u00e9quipements forestiers, industriels et de traitement des mat\u00e9riaux Tigercat et TCi sont pr\u00e9sents dans le monde entier. Localisez votre concessionnaire le plus\u00a0proche ici.\" \/>\n<meta name=\"robots\" content=\"index, follow, max-snippet:-1, max-image-preview:large, max-video-preview:-1\" \/>\n<link rel=\"canonical\" href=\"https:\/\/www.tigercat.com\/fr\/concessionnaires\/\" \/>\n<meta property=\"og:locale\" content=\"fr_FR\" \/>\n<meta property=\"og:type\" content=\"article\" \/>\n<meta property=\"og:title\" content=\"Concessionnaires Tigercat | TCi dans le monde entier\" \/>\n<meta property=\"og:description\" content=\"Les concessionnaires d&#039;\u00e9quipements forestiers, industriels et de traitement des mat\u00e9riaux Tigercat et TCi sont pr\u00e9sents dans le monde entier. Localisez votre concessionnaire le plus\u00a0proche ici.\" \/>\n<meta property=\"og:url\" content=\"https:\/\/www.tigercat.com\/fr\/concessionnaires\/\" \/>\n<meta property=\"og:site_name\" content=\"Tigercat\" \/>\n<meta property=\"article:publisher\" content=\"http:\/\/www.facebook.com\/Tigercat\/\" \/>\n<meta property=\"article:modified_time\" content=\"2025-05-21T10:32:21+00:00\" \/>\n<meta property=\"og:image\" content=\"https:\/\/www.tigercat.com\/wp-content\/uploads\/2014\/08\/img-dealer-locator.jpg\" \/>\n\t<meta property=\"og:image:width\" content=\"2000\" \/>\n\t<meta property=\"og:image:height\" content=\"393\" \/>\n\t<meta property=\"og:image:type\" content=\"image\/jpeg\" \/>\n<script type=\"application\/ld+json\" class=\"yoast-schema-graph\">{\"@context\":\"https:\/\/schema.org\",\"@graph\":[{\"@type\":\"WebPage\",\"@id\":\"https:\/\/www.tigercat.com\/fr\/concessionnaires\/\",\"url\":\"https:\/\/www.tigercat.com\/fr\/concessionnaires\/\",\"name\":\"Concessionnaires Tigercat et TCi | Moteur de recherche mondial | Distributeur | Tigercat\",\"isPartOf\":{\"@id\":\"https:\/\/www.tigercat.com\/fr\/#website\"},\"primaryImageOfPage\":{\"@id\":\"https:\/\/www.tigercat.com\/fr\/concessionnaires\/#primaryimage\"},\"image\":{\"@id\":\"https:\/\/www.tigercat.com\/fr\/concessionnaires\/#primaryimage\"},\"thumbnailUrl\":\"https:\/\/www.tigercat.com\/wp-content\/uploads\/2014\/08\/img-dealer-locator.jpg\",\"datePublished\":\"2014-08-04T13:40:20+00:00\",\"dateModified\":\"2025-05-21T10:32:21+00:00\",\"description\":\"Les concessionnaires d'\u00e9quipements forestiers, industriels et de traitement des mat\u00e9riaux Tigercat et TCi sont pr\u00e9sents dans le monde entier. Localisez votre concessionnaire le plus\u00a0proche ici.\",\"breadcrumb\":{\"@id\":\"https:\/\/www.tigercat.com\/fr\/concessionnaires\/#breadcrumb\"},\"inLanguage\":\"fr\",\"potentialAction\":[{\"@type\":\"ReadAction\",\"target\":[\"https:\/\/www.tigercat.com\/fr\/concessionnaires\/\"]}]},{\"@type\":\"ImageObject\",\"inLanguage\":\"fr\",\"@id\":\"https:\/\/www.tigercat.com\/fr\/concessionnaires\/#primaryimage\",\"url\":\"https:\/\/www.tigercat.com\/wp-content\/uploads\/2014\/08\/img-dealer-locator.jpg\",\"contentUrl\":\"https:\/\/www.tigercat.com\/wp-content\/uploads\/2014\/08\/img-dealer-locator.jpg\",\"width\":2000,\"height\":393},{\"@type\":\"BreadcrumbList\",\"@id\":\"https:\/\/www.tigercat.com\/fr\/concessionnaires\/#breadcrumb\",\"itemListElement\":[{\"@type\":\"ListItem\",\"position\":1,\"name\":\"Home\",\"item\":\"https:\/\/www.tigercat.com\/fr\/\"},{\"@type\":\"ListItem\",\"position\":2,\"name\":\"Concessionnaires Tigercat | TCi dans le monde entier\"}]},{\"@type\":\"WebSite\",\"@id\":\"https:\/\/www.tigercat.com\/fr\/#website\",\"url\":\"https:\/\/www.tigercat.com\/fr\/\",\"name\":\"%%title%%\",\"description\":\"\",\"publisher\":{\"@id\":\"https:\/\/www.tigercat.com\/fr\/#organization\"},\"potentialAction\":[{\"@type\":\"SearchAction\",\"target\":{\"@type\":\"EntryPoint\",\"urlTemplate\":\"https:\/\/www.tigercat.com\/fr\/?s={search_term_string}\"},\"query-input\":{\"@type\":\"PropertyValueSpecification\",\"valueRequired\":true,\"valueName\":\"search_term_string\"}}],\"inLanguage\":\"fr\"},{\"@type\":\"Organization\",\"@id\":\"https:\/\/www.tigercat.com\/fr\/#organization\",\"name\":\"Tigercat Industries Inc\",\"url\":\"https:\/\/www.tigercat.com\/fr\/\",\"logo\":{\"@type\":\"ImageObject\",\"inLanguage\":\"fr\",\"@id\":\"https:\/\/www.tigercat.com\/fr\/#\/schema\/logo\/image\/\",\"url\":\"https:\/\/www.tigercat.com\/wp-content\/uploads\/2017\/04\/tigercat_logo_700.png\",\"contentUrl\":\"https:\/\/www.tigercat.com\/wp-content\/uploads\/2017\/04\/tigercat_logo_700.png\",\"width\":700,\"height\":186,\"caption\":\"Tigercat Industries Inc\"},\"image\":{\"@id\":\"https:\/\/www.tigercat.com\/fr\/#\/schema\/logo\/image\/\"},\"sameAs\":[\"http:\/\/www.facebook.com\/Tigercat\/\",\"http:\/\/www.linkedin.com\/company\/tigercat-inc-?trk=top_nav_home\",\"http:\/\/www.youtube.com\/user\/TigercatForestry\",\"https:\/\/www.instagram.com\/tigercat_machines\/\"]}]}<\/script>\n<!-- \/ Yoast SEO Premium plugin. -->","yoast_head_json":{"title":"Concessionnaires Tigercat et TCi | Moteur de recherche mondial | Distributeur | Tigercat","description":"Les concessionnaires d'\u00e9quipements forestiers, industriels et de traitement des mat\u00e9riaux Tigercat et TCi sont pr\u00e9sents dans le monde entier. Localisez votre concessionnaire le plus\u00a0proche ici.","robots":{"index":"index","follow":"follow","max-snippet":"max-snippet:-1","max-image-preview":"max-image-preview:large","max-video-preview":"max-video-preview:-1"},"canonical":"https:\/\/www.tigercat.com\/fr\/concessionnaires\/","og_locale":"fr_FR","og_type":"article","og_title":"Concessionnaires Tigercat | TCi dans le monde entier","og_description":"Les concessionnaires d'\u00e9quipements forestiers, industriels et de traitement des mat\u00e9riaux Tigercat et TCi sont pr\u00e9sents dans le monde entier. Localisez votre concessionnaire le plus\u00a0proche ici.","og_url":"https:\/\/www.tigercat.com\/fr\/concessionnaires\/","og_site_name":"Tigercat","article_publisher":"http:\/\/www.facebook.com\/Tigercat\/","article_modified_time":"2025-05-21T10:32:21+00:00","og_image":[{"width":2000,"height":393,"url":"https:\/\/www.tigercat.com\/wp-content\/uploads\/2014\/08\/img-dealer-locator.jpg","type":"image\/jpeg"}],"schema":{"@context":"https:\/\/schema.org","@graph":[{"@type":"WebPage","@id":"https:\/\/www.tigercat.com\/fr\/concessionnaires\/","url":"https:\/\/www.tigercat.com\/fr\/concessionnaires\/","name":"Concessionnaires Tigercat et TCi | Moteur de recherche mondial | Distributeur | Tigercat","isPartOf":{"@id":"https:\/\/www.tigercat.com\/fr\/#website"},"primaryImageOfPage":{"@id":"https:\/\/www.tigercat.com\/fr\/concessionnaires\/#primaryimage"},"image":{"@id":"https:\/\/www.tigercat.com\/fr\/concessionnaires\/#primaryimage"},"thumbnailUrl":"https:\/\/www.tigercat.com\/wp-content\/uploads\/2014\/08\/img-dealer-locator.jpg","datePublished":"2014-08-04T13:40:20+00:00","dateModified":"2025-05-21T10:32:21+00:00","description":"Les concessionnaires d'\u00e9quipements forestiers, industriels et de traitement des mat\u00e9riaux Tigercat et TCi sont pr\u00e9sents dans le monde entier. Localisez votre concessionnaire le plus\u00a0proche ici.","breadcrumb":{"@id":"https:\/\/www.tigercat.com\/fr\/concessionnaires\/#breadcrumb"},"inLanguage":"fr","potentialAction":[{"@type":"ReadAction","target":["https:\/\/www.tigercat.com\/fr\/concessionnaires\/"]}]},{"@type":"ImageObject","inLanguage":"fr","@id":"https:\/\/www.tigercat.com\/fr\/concessionnaires\/#primaryimage","url":"https:\/\/www.tigercat.com\/wp-content\/uploads\/2014\/08\/img-dealer-locator.jpg","contentUrl":"https:\/\/www.tigercat.com\/wp-content\/uploads\/2014\/08\/img-dealer-locator.jpg","width":2000,"height":393},{"@type":"BreadcrumbList","@id":"https:\/\/www.tigercat.com\/fr\/concessionnaires\/#breadcrumb","itemListElement":[{"@type":"ListItem","position":1,"name":"Home","item":"https:\/\/www.tigercat.com\/fr\/"},{"@type":"ListItem","position":2,"name":"Concessionnaires Tigercat | TCi dans le monde entier"}]},{"@type":"WebSite","@id":"https:\/\/www.tigercat.com\/fr\/#website","url":"https:\/\/www.tigercat.com\/fr\/","name":"%%title%%","description":"","publisher":{"@id":"https:\/\/www.tigercat.com\/fr\/#organization"},"potentialAction":[{"@type":"SearchAction","target":{"@type":"EntryPoint","urlTemplate":"https:\/\/www.tigercat.com\/fr\/?s={search_term_string}"},"query-input":{"@type":"PropertyValueSpecification","valueRequired":true,"valueName":"search_term_string"}}],"inLanguage":"fr"},{"@type":"Organization","@id":"https:\/\/www.tigercat.com\/fr\/#organization","name":"Tigercat Industries Inc","url":"https:\/\/www.tigercat.com\/fr\/","logo":{"@type":"ImageObject","inLanguage":"fr","@id":"https:\/\/www.tigercat.com\/fr\/#\/schema\/logo\/image\/","url":"https:\/\/www.tigercat.com\/wp-content\/uploads\/2017\/04\/tigercat_logo_700.png","contentUrl":"https:\/\/www.tigercat.com\/wp-content\/uploads\/2017\/04\/tigercat_logo_700.png","width":700,"height":186,"caption":"Tigercat Industries Inc"},"image":{"@id":"https:\/\/www.tigercat.com\/fr\/#\/schema\/logo\/image\/"},"sameAs":["http:\/\/www.facebook.com\/Tigercat\/","http:\/\/www.linkedin.com\/company\/tigercat-inc-?trk=top_nav_home","http:\/\/www.youtube.com\/user\/TigercatForestry","https:\/\/www.instagram.com\/tigercat_machines\/"]}]}},"_links":{"self":[{"href":"https:\/\/www.tigercat.com\/fr\/wp-json\/wp\/v2\/pages\/66889","targetHints":{"allow":["GET"]}}],"collection":[{"href":"https:\/\/www.tigercat.com\/fr\/wp-json\/wp\/v2\/pages"}],"about":[{"href":"https:\/\/www.tigercat.com\/fr\/wp-json\/wp\/v2\/types\/page"}],"author":[{"embeddable":true,"href":"https:\/\/www.tigercat.com\/fr\/wp-json\/wp\/v2\/users\/8"}],"replies":[{"embeddable":true,"href":"https:\/\/www.tigercat.com\/fr\/wp-json\/wp\/v2\/comments?post=66889"}],"version-history":[{"count":0,"href":"https:\/\/www.tigercat.com\/fr\/wp-json\/wp\/v2\/pages\/66889\/revisions"}],"wp:featuredmedia":[{"embeddable":true,"href":"https:\/\/www.tigercat.com\/fr\/wp-json\/wp\/v2\/media\/404"}],"wp:attachment":[{"href":"https:\/\/www.tigercat.com\/fr\/wp-json\/wp\/v2\/media?parent=66889"}],"curies":[{"name":"wp","href":"https:\/\/api.w.org\/{rel}","templated":true}]}}