{"id":66914,"date":"2022-01-19T17:29:00","date_gmt":"2022-01-19T17:29:00","guid":{"rendered":"https:\/\/www.tigercat.com\/filtration\/"},"modified":"2023-12-24T10:33:41","modified_gmt":"2023-12-24T10:33:41","slug":"filtration","status":"publish","type":"page","link":"https:\/\/www.tigercat.com\/fr\/filtration\/","title":{"rendered":"Derni\u00e8re ligne de d\u00e9fense"},"content":{"rendered":"","protected":false},"excerpt":{"rendered":"<p>L&#8217;utilisation de bons filtres OEM Tigercat et le respect des intervalles d&#8217;entretien recommand\u00e9s sont essentiels pour obtenir une dur\u00e9e de vie et une disponibilit\u00e9 maximales de l&#8217;\u00e9quipement. <\/p>\n","protected":false},"author":7,"featured_media":0,"parent":0,"menu_order":0,"comment_status":"closed","ping_status":"closed","template":"","meta":{"_acf_changed":false,"_lmt_disableupdate":"","_lmt_disable":"","footnotes":""},"class_list":["post-66914","page","type-page","status-publish","hentry"],"acf":[],"yoast_head":"<!-- This site is optimized with the Yoast SEO Premium plugin v27.2 (Yoast SEO v27.2) - https:\/\/yoast.com\/product\/yoast-seo-premium-wordpress\/ -->\n<title>Filtration | Soutien technique | Tigercat<\/title>\n<meta name=\"description\" content=\"La filtration est votre derni\u00e8re ligne de d\u00e9fense. D\u00e9couvrez pourquoi il est essentiel d\u2019utiliser les bons filtres de marque Tigercat et de respecter les intervalles d&#039;entretien recommand\u00e9s.\" \/>\n<meta name=\"robots\" content=\"index, follow, max-snippet:-1, max-image-preview:large, max-video-preview:-1\" \/>\n<link rel=\"canonical\" href=\"https:\/\/www.tigercat.com\/fr\/filtration\/\" \/>\n<meta property=\"og:locale\" content=\"fr_FR\" \/>\n<meta property=\"og:type\" content=\"article\" \/>\n<meta property=\"og:title\" content=\"Derni\u00e8re ligne de d\u00e9fense\" \/>\n<meta property=\"og:description\" content=\"La filtration est votre derni\u00e8re ligne de d\u00e9fense. D\u00e9couvrez pourquoi il est essentiel d\u2019utiliser les bons filtres de marque Tigercat et de respecter les intervalles d&#039;entretien recommand\u00e9s.\" \/>\n<meta property=\"og:url\" content=\"https:\/\/www.tigercat.com\/fr\/filtration\/\" \/>\n<meta property=\"og:site_name\" content=\"Tigercat\" \/>\n<meta property=\"article:publisher\" content=\"http:\/\/www.facebook.com\/Tigercat\/\" \/>\n<meta property=\"article:modified_time\" content=\"2023-12-24T10:33:41+00:00\" \/>\n<script type=\"application\/ld+json\" class=\"yoast-schema-graph\">{\"@context\":\"https:\/\/schema.org\",\"@graph\":[{\"@type\":\"WebPage\",\"@id\":\"https:\/\/www.tigercat.com\/fr\/filtration\/\",\"url\":\"https:\/\/www.tigercat.com\/fr\/filtration\/\",\"name\":\"Filtration | Soutien technique | Tigercat\",\"isPartOf\":{\"@id\":\"https:\/\/www.tigercat.com\/fr\/#website\"},\"datePublished\":\"2022-01-19T17:29:00+00:00\",\"dateModified\":\"2023-12-24T10:33:41+00:00\",\"description\":\"La filtration est votre derni\u00e8re ligne de d\u00e9fense. D\u00e9couvrez pourquoi il est essentiel d\u2019utiliser les bons filtres de marque Tigercat et de respecter les intervalles d'entretien recommand\u00e9s.\",\"breadcrumb\":{\"@id\":\"https:\/\/www.tigercat.com\/fr\/filtration\/#breadcrumb\"},\"inLanguage\":\"fr\",\"potentialAction\":[{\"@type\":\"ReadAction\",\"target\":[\"https:\/\/www.tigercat.com\/fr\/filtration\/\"]}]},{\"@type\":\"BreadcrumbList\",\"@id\":\"https:\/\/www.tigercat.com\/fr\/filtration\/#breadcrumb\",\"itemListElement\":[{\"@type\":\"ListItem\",\"position\":1,\"name\":\"Home\",\"item\":\"https:\/\/www.tigercat.com\/fr\/\"},{\"@type\":\"ListItem\",\"position\":2,\"name\":\"Derni\u00e8re ligne de d\u00e9fense\"}]},{\"@type\":\"WebSite\",\"@id\":\"https:\/\/www.tigercat.com\/fr\/#website\",\"url\":\"https:\/\/www.tigercat.com\/fr\/\",\"name\":\"%%title%%\",\"description\":\"\",\"publisher\":{\"@id\":\"https:\/\/www.tigercat.com\/fr\/#organization\"},\"potentialAction\":[{\"@type\":\"SearchAction\",\"target\":{\"@type\":\"EntryPoint\",\"urlTemplate\":\"https:\/\/www.tigercat.com\/fr\/?s={search_term_string}\"},\"query-input\":{\"@type\":\"PropertyValueSpecification\",\"valueRequired\":true,\"valueName\":\"search_term_string\"}}],\"inLanguage\":\"fr\"},{\"@type\":\"Organization\",\"@id\":\"https:\/\/www.tigercat.com\/fr\/#organization\",\"name\":\"Tigercat Industries Inc\",\"url\":\"https:\/\/www.tigercat.com\/fr\/\",\"logo\":{\"@type\":\"ImageObject\",\"inLanguage\":\"fr\",\"@id\":\"https:\/\/www.tigercat.com\/fr\/#\/schema\/logo\/image\/\",\"url\":\"https:\/\/www.tigercat.com\/wp-content\/uploads\/2017\/04\/tigercat_logo_700.png\",\"contentUrl\":\"https:\/\/www.tigercat.com\/wp-content\/uploads\/2017\/04\/tigercat_logo_700.png\",\"width\":700,\"height\":186,\"caption\":\"Tigercat Industries Inc\"},\"image\":{\"@id\":\"https:\/\/www.tigercat.com\/fr\/#\/schema\/logo\/image\/\"},\"sameAs\":[\"http:\/\/www.facebook.com\/Tigercat\/\",\"http:\/\/www.linkedin.com\/company\/tigercat-inc-?trk=top_nav_home\",\"http:\/\/www.youtube.com\/user\/TigercatForestry\",\"https:\/\/www.instagram.com\/tigercat_machines\/\"]}]}<\/script>\n<!-- \/ Yoast SEO Premium plugin. -->","yoast_head_json":{"title":"Filtration | Soutien technique | Tigercat","description":"La filtration est votre derni\u00e8re ligne de d\u00e9fense. D\u00e9couvrez pourquoi il est essentiel d\u2019utiliser les bons filtres de marque Tigercat et de respecter les intervalles d'entretien recommand\u00e9s.","robots":{"index":"index","follow":"follow","max-snippet":"max-snippet:-1","max-image-preview":"max-image-preview:large","max-video-preview":"max-video-preview:-1"},"canonical":"https:\/\/www.tigercat.com\/fr\/filtration\/","og_locale":"fr_FR","og_type":"article","og_title":"Derni\u00e8re ligne de d\u00e9fense","og_description":"La filtration est votre derni\u00e8re ligne de d\u00e9fense. D\u00e9couvrez pourquoi il est essentiel d\u2019utiliser les bons filtres de marque Tigercat et de respecter les intervalles d'entretien recommand\u00e9s.","og_url":"https:\/\/www.tigercat.com\/fr\/filtration\/","og_site_name":"Tigercat","article_publisher":"http:\/\/www.facebook.com\/Tigercat\/","article_modified_time":"2023-12-24T10:33:41+00:00","schema":{"@context":"https:\/\/schema.org","@graph":[{"@type":"WebPage","@id":"https:\/\/www.tigercat.com\/fr\/filtration\/","url":"https:\/\/www.tigercat.com\/fr\/filtration\/","name":"Filtration | Soutien technique | Tigercat","isPartOf":{"@id":"https:\/\/www.tigercat.com\/fr\/#website"},"datePublished":"2022-01-19T17:29:00+00:00","dateModified":"2023-12-24T10:33:41+00:00","description":"La filtration est votre derni\u00e8re ligne de d\u00e9fense. D\u00e9couvrez pourquoi il est essentiel d\u2019utiliser les bons filtres de marque Tigercat et de respecter les intervalles d'entretien recommand\u00e9s.","breadcrumb":{"@id":"https:\/\/www.tigercat.com\/fr\/filtration\/#breadcrumb"},"inLanguage":"fr","potentialAction":[{"@type":"ReadAction","target":["https:\/\/www.tigercat.com\/fr\/filtration\/"]}]},{"@type":"BreadcrumbList","@id":"https:\/\/www.tigercat.com\/fr\/filtration\/#breadcrumb","itemListElement":[{"@type":"ListItem","position":1,"name":"Home","item":"https:\/\/www.tigercat.com\/fr\/"},{"@type":"ListItem","position":2,"name":"Derni\u00e8re ligne de d\u00e9fense"}]},{"@type":"WebSite","@id":"https:\/\/www.tigercat.com\/fr\/#website","url":"https:\/\/www.tigercat.com\/fr\/","name":"%%title%%","description":"","publisher":{"@id":"https:\/\/www.tigercat.com\/fr\/#organization"},"potentialAction":[{"@type":"SearchAction","target":{"@type":"EntryPoint","urlTemplate":"https:\/\/www.tigercat.com\/fr\/?s={search_term_string}"},"query-input":{"@type":"PropertyValueSpecification","valueRequired":true,"valueName":"search_term_string"}}],"inLanguage":"fr"},{"@type":"Organization","@id":"https:\/\/www.tigercat.com\/fr\/#organization","name":"Tigercat Industries Inc","url":"https:\/\/www.tigercat.com\/fr\/","logo":{"@type":"ImageObject","inLanguage":"fr","@id":"https:\/\/www.tigercat.com\/fr\/#\/schema\/logo\/image\/","url":"https:\/\/www.tigercat.com\/wp-content\/uploads\/2017\/04\/tigercat_logo_700.png","contentUrl":"https:\/\/www.tigercat.com\/wp-content\/uploads\/2017\/04\/tigercat_logo_700.png","width":700,"height":186,"caption":"Tigercat Industries Inc"},"image":{"@id":"https:\/\/www.tigercat.com\/fr\/#\/schema\/logo\/image\/"},"sameAs":["http:\/\/www.facebook.com\/Tigercat\/","http:\/\/www.linkedin.com\/company\/tigercat-inc-?trk=top_nav_home","http:\/\/www.youtube.com\/user\/TigercatForestry","https:\/\/www.instagram.com\/tigercat_machines\/"]}]}},"_links":{"self":[{"href":"https:\/\/www.tigercat.com\/fr\/wp-json\/wp\/v2\/pages\/66914","targetHints":{"allow":["GET"]}}],"collection":[{"href":"https:\/\/www.tigercat.com\/fr\/wp-json\/wp\/v2\/pages"}],"about":[{"href":"https:\/\/www.tigercat.com\/fr\/wp-json\/wp\/v2\/types\/page"}],"author":[{"embeddable":true,"href":"https:\/\/www.tigercat.com\/fr\/wp-json\/wp\/v2\/users\/7"}],"replies":[{"embeddable":true,"href":"https:\/\/www.tigercat.com\/fr\/wp-json\/wp\/v2\/comments?post=66914"}],"version-history":[{"count":0,"href":"https:\/\/www.tigercat.com\/fr\/wp-json\/wp\/v2\/pages\/66914\/revisions"}],"wp:attachment":[{"href":"https:\/\/www.tigercat.com\/fr\/wp-json\/wp\/v2\/media?parent=66914"}],"curies":[{"name":"wp","href":"https:\/\/api.w.org\/{rel}","templated":true}]}}