{"id":73441,"date":"2022-10-20T20:50:24","date_gmt":"2022-10-20T20:50:24","guid":{"rendered":"https:\/\/www.tigercat.com\/tigercat-outfitters\/"},"modified":"2026-02-05T11:19:22","modified_gmt":"2026-02-05T11:19:22","slug":"tigercat-outfitters","status":"publish","type":"page","link":"https:\/\/www.tigercat.com\/fr\/tigercat-outfitters\/","title":{"rendered":"Tigercat Outfitters"},"content":{"rendered":"","protected":false},"excerpt":{"rendered":"<p>Tigercat Outfitters est votre magasin de r\u00e9f\u00e9rence pour acheter des v\u00eatements d\u2019ext\u00e9rieur, des v\u00eatements de travail, des casquettes, des chapeaux et des miniatures Tigercat. Achetez sur Outfitters pour des v\u00eatements et des objets de qualit\u00e9.<\/p>\n","protected":false},"author":7,"featured_media":0,"parent":0,"menu_order":0,"comment_status":"closed","ping_status":"closed","template":"","meta":{"_acf_changed":false,"_lmt_disableupdate":"no","_lmt_disable":"","footnotes":""},"class_list":["post-73441","page","type-page","status-publish","hentry"],"acf":[],"yoast_head":"<!-- This site is optimized with the Yoast SEO Premium plugin v27.2 (Yoast SEO v27.2) - https:\/\/yoast.com\/product\/yoast-seo-premium-wordpress\/ -->\n<title>V\u00eatements et miniatures Tigercat et TCi \u00e0 vendre | Tigercat Outfitters<\/title>\n<meta name=\"description\" content=\"Achetez des chapeaux, des T-shirts, des v\u00eatements, des accessoires, des objets et des miniatures Tigercat et TCi en ligne sur Tigercat Outfitters. Des objets de qualit\u00e9 \u00e0 prix avantageux\" \/>\n<meta name=\"robots\" content=\"index, follow, max-snippet:-1, max-image-preview:large, max-video-preview:-1\" \/>\n<link rel=\"canonical\" href=\"https:\/\/www.tigercat.com\/fr\/tigercat-outfitters\/\" \/>\n<meta property=\"og:locale\" content=\"fr_FR\" \/>\n<meta property=\"og:type\" content=\"article\" \/>\n<meta property=\"og:title\" content=\"Tigercat Outfitters\" \/>\n<meta property=\"og:description\" content=\"Achetez des chapeaux, des T-shirts, des v\u00eatements, des accessoires, des objets et des miniatures Tigercat et TCi en ligne sur Tigercat Outfitters. Des objets de qualit\u00e9 \u00e0 prix avantageux\" \/>\n<meta property=\"og:url\" content=\"https:\/\/www.tigercat.com\/fr\/tigercat-outfitters\/\" \/>\n<meta property=\"og:site_name\" content=\"Tigercat\" \/>\n<meta property=\"article:publisher\" content=\"http:\/\/www.facebook.com\/Tigercat\/\" \/>\n<meta property=\"article:modified_time\" content=\"2026-02-05T11:19:22+00:00\" \/>\n<script type=\"application\/ld+json\" class=\"yoast-schema-graph\">{\"@context\":\"https:\/\/schema.org\",\"@graph\":[{\"@type\":\"WebPage\",\"@id\":\"https:\/\/www.tigercat.com\/fr\/tigercat-outfitters\/\",\"url\":\"https:\/\/www.tigercat.com\/fr\/tigercat-outfitters\/\",\"name\":\"V\u00eatements et miniatures Tigercat et TCi \u00e0 vendre | Tigercat Outfitters\",\"isPartOf\":{\"@id\":\"https:\/\/www.tigercat.com\/fr\/#website\"},\"datePublished\":\"2022-10-20T20:50:24+00:00\",\"dateModified\":\"2026-02-05T11:19:22+00:00\",\"description\":\"Achetez des chapeaux, des T-shirts, des v\u00eatements, des accessoires, des objets et des miniatures Tigercat et TCi en ligne sur Tigercat Outfitters. Des objets de qualit\u00e9 \u00e0 prix avantageux\",\"breadcrumb\":{\"@id\":\"https:\/\/www.tigercat.com\/fr\/tigercat-outfitters\/#breadcrumb\"},\"inLanguage\":\"fr\",\"potentialAction\":[{\"@type\":\"ReadAction\",\"target\":[\"https:\/\/www.tigercat.com\/fr\/tigercat-outfitters\/\"]}]},{\"@type\":\"BreadcrumbList\",\"@id\":\"https:\/\/www.tigercat.com\/fr\/tigercat-outfitters\/#breadcrumb\",\"itemListElement\":[{\"@type\":\"ListItem\",\"position\":1,\"name\":\"Home\",\"item\":\"https:\/\/www.tigercat.com\/fr\/\"},{\"@type\":\"ListItem\",\"position\":2,\"name\":\"Tigercat Outfitters\"}]},{\"@type\":\"WebSite\",\"@id\":\"https:\/\/www.tigercat.com\/fr\/#website\",\"url\":\"https:\/\/www.tigercat.com\/fr\/\",\"name\":\"%%title%%\",\"description\":\"\",\"publisher\":{\"@id\":\"https:\/\/www.tigercat.com\/fr\/#organization\"},\"potentialAction\":[{\"@type\":\"SearchAction\",\"target\":{\"@type\":\"EntryPoint\",\"urlTemplate\":\"https:\/\/www.tigercat.com\/fr\/?s={search_term_string}\"},\"query-input\":{\"@type\":\"PropertyValueSpecification\",\"valueRequired\":true,\"valueName\":\"search_term_string\"}}],\"inLanguage\":\"fr\"},{\"@type\":\"Organization\",\"@id\":\"https:\/\/www.tigercat.com\/fr\/#organization\",\"name\":\"Tigercat Industries Inc\",\"url\":\"https:\/\/www.tigercat.com\/fr\/\",\"logo\":{\"@type\":\"ImageObject\",\"inLanguage\":\"fr\",\"@id\":\"https:\/\/www.tigercat.com\/fr\/#\/schema\/logo\/image\/\",\"url\":\"https:\/\/www.tigercat.com\/wp-content\/uploads\/2017\/04\/tigercat_logo_700.png\",\"contentUrl\":\"https:\/\/www.tigercat.com\/wp-content\/uploads\/2017\/04\/tigercat_logo_700.png\",\"width\":700,\"height\":186,\"caption\":\"Tigercat Industries Inc\"},\"image\":{\"@id\":\"https:\/\/www.tigercat.com\/fr\/#\/schema\/logo\/image\/\"},\"sameAs\":[\"http:\/\/www.facebook.com\/Tigercat\/\",\"http:\/\/www.linkedin.com\/company\/tigercat-inc-?trk=top_nav_home\",\"http:\/\/www.youtube.com\/user\/TigercatForestry\",\"https:\/\/www.instagram.com\/tigercat_machines\/\"]}]}<\/script>\n<!-- \/ Yoast SEO Premium plugin. -->","yoast_head_json":{"title":"V\u00eatements et miniatures Tigercat et TCi \u00e0 vendre | Tigercat Outfitters","description":"Achetez des chapeaux, des T-shirts, des v\u00eatements, des accessoires, des objets et des miniatures Tigercat et TCi en ligne sur Tigercat Outfitters. Des objets de qualit\u00e9 \u00e0 prix avantageux","robots":{"index":"index","follow":"follow","max-snippet":"max-snippet:-1","max-image-preview":"max-image-preview:large","max-video-preview":"max-video-preview:-1"},"canonical":"https:\/\/www.tigercat.com\/fr\/tigercat-outfitters\/","og_locale":"fr_FR","og_type":"article","og_title":"Tigercat Outfitters","og_description":"Achetez des chapeaux, des T-shirts, des v\u00eatements, des accessoires, des objets et des miniatures Tigercat et TCi en ligne sur Tigercat Outfitters. Des objets de qualit\u00e9 \u00e0 prix avantageux","og_url":"https:\/\/www.tigercat.com\/fr\/tigercat-outfitters\/","og_site_name":"Tigercat","article_publisher":"http:\/\/www.facebook.com\/Tigercat\/","article_modified_time":"2026-02-05T11:19:22+00:00","schema":{"@context":"https:\/\/schema.org","@graph":[{"@type":"WebPage","@id":"https:\/\/www.tigercat.com\/fr\/tigercat-outfitters\/","url":"https:\/\/www.tigercat.com\/fr\/tigercat-outfitters\/","name":"V\u00eatements et miniatures Tigercat et TCi \u00e0 vendre | Tigercat Outfitters","isPartOf":{"@id":"https:\/\/www.tigercat.com\/fr\/#website"},"datePublished":"2022-10-20T20:50:24+00:00","dateModified":"2026-02-05T11:19:22+00:00","description":"Achetez des chapeaux, des T-shirts, des v\u00eatements, des accessoires, des objets et des miniatures Tigercat et TCi en ligne sur Tigercat Outfitters. Des objets de qualit\u00e9 \u00e0 prix avantageux","breadcrumb":{"@id":"https:\/\/www.tigercat.com\/fr\/tigercat-outfitters\/#breadcrumb"},"inLanguage":"fr","potentialAction":[{"@type":"ReadAction","target":["https:\/\/www.tigercat.com\/fr\/tigercat-outfitters\/"]}]},{"@type":"BreadcrumbList","@id":"https:\/\/www.tigercat.com\/fr\/tigercat-outfitters\/#breadcrumb","itemListElement":[{"@type":"ListItem","position":1,"name":"Home","item":"https:\/\/www.tigercat.com\/fr\/"},{"@type":"ListItem","position":2,"name":"Tigercat Outfitters"}]},{"@type":"WebSite","@id":"https:\/\/www.tigercat.com\/fr\/#website","url":"https:\/\/www.tigercat.com\/fr\/","name":"%%title%%","description":"","publisher":{"@id":"https:\/\/www.tigercat.com\/fr\/#organization"},"potentialAction":[{"@type":"SearchAction","target":{"@type":"EntryPoint","urlTemplate":"https:\/\/www.tigercat.com\/fr\/?s={search_term_string}"},"query-input":{"@type":"PropertyValueSpecification","valueRequired":true,"valueName":"search_term_string"}}],"inLanguage":"fr"},{"@type":"Organization","@id":"https:\/\/www.tigercat.com\/fr\/#organization","name":"Tigercat Industries Inc","url":"https:\/\/www.tigercat.com\/fr\/","logo":{"@type":"ImageObject","inLanguage":"fr","@id":"https:\/\/www.tigercat.com\/fr\/#\/schema\/logo\/image\/","url":"https:\/\/www.tigercat.com\/wp-content\/uploads\/2017\/04\/tigercat_logo_700.png","contentUrl":"https:\/\/www.tigercat.com\/wp-content\/uploads\/2017\/04\/tigercat_logo_700.png","width":700,"height":186,"caption":"Tigercat Industries Inc"},"image":{"@id":"https:\/\/www.tigercat.com\/fr\/#\/schema\/logo\/image\/"},"sameAs":["http:\/\/www.facebook.com\/Tigercat\/","http:\/\/www.linkedin.com\/company\/tigercat-inc-?trk=top_nav_home","http:\/\/www.youtube.com\/user\/TigercatForestry","https:\/\/www.instagram.com\/tigercat_machines\/"]}]}},"_links":{"self":[{"href":"https:\/\/www.tigercat.com\/fr\/wp-json\/wp\/v2\/pages\/73441","targetHints":{"allow":["GET"]}}],"collection":[{"href":"https:\/\/www.tigercat.com\/fr\/wp-json\/wp\/v2\/pages"}],"about":[{"href":"https:\/\/www.tigercat.com\/fr\/wp-json\/wp\/v2\/types\/page"}],"author":[{"embeddable":true,"href":"https:\/\/www.tigercat.com\/fr\/wp-json\/wp\/v2\/users\/7"}],"replies":[{"embeddable":true,"href":"https:\/\/www.tigercat.com\/fr\/wp-json\/wp\/v2\/comments?post=73441"}],"version-history":[{"count":0,"href":"https:\/\/www.tigercat.com\/fr\/wp-json\/wp\/v2\/pages\/73441\/revisions"}],"wp:attachment":[{"href":"https:\/\/www.tigercat.com\/fr\/wp-json\/wp\/v2\/media?parent=73441"}],"curies":[{"name":"wp","href":"https:\/\/api.w.org\/{rel}","templated":true}]}}