{"id":91238,"date":"2023-02-14T19:50:19","date_gmt":"2023-02-14T19:50:19","guid":{"rendered":"https:\/\/www.tigercat.com\/no-child-forced-labour-policy\/"},"modified":"2025-10-14T11:54:37","modified_gmt":"2025-10-14T11:54:37","slug":"politique-contre-travail-enfants-force","status":"publish","type":"page","link":"https:\/\/www.tigercat.com\/fr\/politique-contre-travail-enfants-force\/","title":{"rendered":"Politique contre le travail des enfants et le travail forc\u00e9"},"content":{"rendered":"<p>Tigercat Industries s&#8217;engage \u00e0 exercer ses activit\u00e9s de mani\u00e8re responsable partout dans le monde. Conform\u00e9ment \u00e0 nos valeurs, nous interdisons strictement le travail forc\u00e9 ou le travail des enfants et ne les pratiquons sous aucune forme, et nous attendons la m\u00eame chose de nos fournisseurs et de leur cha\u00eene d&#8217;approvisionnement.<\/p>\n<p>L&#8217;objectif de cette politique est d&#8217;affirmer notre engagement en faveur des droits humains et notre refus de contribuer, de participer ou de permettre le recours au travail forc\u00e9 ou au travail des enfants dans la fabrication des \u00e9quipements Tigercat.<\/p>\n<p><strong><u>Terminologie Tigercat relative au travail des enfants et au travail forc\u00e9<\/u><\/strong><strong>\u00a0:<\/strong><\/p>\n<p><strong>Enfant\u00a0\u2013<\/strong> Aux fins des principes \u00e9nonc\u00e9s ici, ind\u00e9pendamment de toute loi ou r\u00e9glementation nationale ou locale, Tigercat d\u00e9finit un enfant comme toute personne \u00e2g\u00e9e de moins de 15\u00a0ans. Sur les sites et dans les lieux o\u00f9 une loi ou un r\u00e8glement national ou local pr\u00e9voit un \u00e2ge minimum d&#8217;emploi sup\u00e9rieur \u00e0 15\u00a0ans ou impose des restrictions suppl\u00e9mentaires aux activit\u00e9s telles que les travaux dangereux, ces lois et r\u00e8glements doivent \u00eatre respect\u00e9s.<\/p>\n<p><strong>Travail dangereux\u00a0\u2013<\/strong> Travail r\u00e9alis\u00e9 dans des conditions dangereuses ou insalubres qui pourraient entra\u00eener la mort, des blessures ou des maladies. Voici une liste non exhaustive d\u2019exemples de travail dangereux\u00a0:<\/p>\n<ul>\n<li>Travailler dans un environnement souterrain, sous l&#8217;eau, \u00e0 des hauteurs dangereuses ou dans des espaces confin\u00e9s.<\/li>\n<\/ul>\n<ul>\n<li>Travailler avec des machines, des \u00e9quipements et des outils dangereux, ou travail impliquant la manipulation ou le transport manuel de charges lourdes.<\/li>\n<li>Travailler dans un environnement malsain expos\u00e9 \u00e0 des substances, agents ou processus dangereux, ou \u00e0 des temp\u00e9ratures, niveaux sonores ou vibrations nuisibles \u00e0 la sant\u00e9.<\/li>\n<\/ul>\n<ul>\n<li>Travailler dans des conditions particuli\u00e8rement difficiles, telles que des horaires prolong\u00e9s ou de nuit, ou \u00eatre contraint de rester confin\u00e9 dans les locaux de l&#8217;employeur de mani\u00e8re d\u00e9raisonnable.<\/li>\n<\/ul>\n<p><strong>Travail forc\u00e9\u00a0\u2013<\/strong> D\u00e9signe le travail ou les services fournis ou propos\u00e9s par une personne dans des circonstances qui<\/p>\n<ul>\n<li>peuvent raisonnablement amener cette personne \u00e0 croire que sa s\u00e9curit\u00e9 ou celle d&#8217;une personne qu&#8217;elle conna\u00eet serait menac\u00e9e si elle ne fournissait pas ou ne proposait pas de fournir ce travail ou ces services\u00a0; ou<\/li>\n<li>d\u00e9signe le travail exig\u00e9 de toute personne sous menace d&#8217;une sanction et pour lequel ladite personne ne s&#8217;est pas propos\u00e9e volontairement.<\/li>\n<\/ul>\n<p><strong><u>L\u2019engagement de Tigercat\u00a0:<\/u><\/strong><\/p>\n<p>Tigercat certifie que les travailleurs qu&#8217;elle emploie et qu&#8217;elle emploiera pour produire et fournir, en tout ou en partie, les biens et services propos\u00e9s ne sont en aucun cas des enfants de moins de 15\u00a0ans, ou de moins de 18\u00a0ans s\u2019il s&#8217;agit de travaux dangereux.\u00a0 Tigercat certifie qu&#8217;elle n&#8217;utilisera pas sciemment le travail des enfants.<\/p>\n<p>Tigercat certifie que les travailleurs qu&#8217;elle emploie et qu&#8217;elle emploiera pour produire et fournir, en tout ou en partie, les biens et services propos\u00e9s sont dans tous les cas volontaires. Tigercat certifie qu&#8217;elle n&#8217;aura pas recours sciemment au travail forc\u00e9.<\/p>\n<p><strong><u>Attentes de Tigercat concernant sa cha\u00eene d&#8217;approvisionnement\u00a0:<\/u><\/strong><\/p>\n<p>Tigercat attend de ses fournisseurs et de leurs cha\u00eenes d&#8217;approvisionnement qu&#8217;ils soient pleinement conscients des interdictions susmentionn\u00e9es relatives au travail des enfants et au travail forc\u00e9, et qu&#8217;ils n&#8217;aient pas recours, directement ou indirectement, au travail des enfants ou au travail forc\u00e9 dans la fabrication des pi\u00e8ces et des mat\u00e9riaux fournis en tout ou en partie \u00e0 Tigercat, et qu\u2019ils ne facilitent pas un tel recours.<\/p>\n<p>Si Tigercat constate une violation ou une infraction aux lois ou r\u00e8glements applicables, Tigercat en informera le fournisseur et celui-ci devra imm\u00e9diatement rem\u00e9dier \u00e0 la violation ou \u00e0 l&#8217;infraction. Si Tigercat d\u00e9termine que le fournisseur n&#8217;a pas rem\u00e9di\u00e9 \u00e0 la violation ou \u00e0 l\u2019infraction, Tigercat peut alors r\u00e9silier son contrat imm\u00e9diatement, et cette r\u00e9siliation sera consid\u00e9r\u00e9e comme justifi\u00e9e.<\/p>\n<p>Les conditions des commandes de Tigercat exigent que les fournisseurs se conforment \u00e0 cette politique en ne recourant pas et en n&#8217;utilisant pas sciemment le travail des enfants ou le travail forc\u00e9.<\/p>\n","protected":false},"excerpt":{"rendered":"","protected":false},"author":7,"featured_media":0,"parent":0,"menu_order":0,"comment_status":"closed","ping_status":"closed","template":"","meta":{"_acf_changed":false,"_lmt_disableupdate":"no","_lmt_disable":"","footnotes":""},"class_list":["post-91238","page","type-page","status-publish","hentry"],"acf":[],"yoast_head":"<!-- This site is optimized with the Yoast SEO Premium plugin v27.2 (Yoast SEO v27.2) - https:\/\/yoast.com\/product\/yoast-seo-premium-wordpress\/ -->\n<title>Politique contre le travail des enfants et le travail forc\u00e9 - Tigercat<\/title>\n<meta name=\"robots\" content=\"index, follow, max-snippet:-1, max-image-preview:large, max-video-preview:-1\" \/>\n<link rel=\"canonical\" href=\"https:\/\/www.tigercat.com\/fr\/politique-contre-travail-enfants-force\/\" \/>\n<meta property=\"og:locale\" content=\"fr_FR\" \/>\n<meta property=\"og:type\" content=\"article\" \/>\n<meta property=\"og:title\" content=\"Politique contre le travail des enfants et le travail forc\u00e9\" \/>\n<meta property=\"og:url\" content=\"https:\/\/www.tigercat.com\/fr\/politique-contre-travail-enfants-force\/\" \/>\n<meta property=\"og:site_name\" content=\"Tigercat\" \/>\n<meta property=\"article:publisher\" content=\"http:\/\/www.facebook.com\/Tigercat\/\" \/>\n<meta property=\"article:modified_time\" content=\"2025-10-14T11:54:37+00:00\" \/>\n<meta name=\"twitter:label1\" content=\"Est. reading time\" \/>\n\t<meta name=\"twitter:data1\" content=\"3 minutes\" \/>\n<script type=\"application\/ld+json\" class=\"yoast-schema-graph\">{\"@context\":\"https:\/\/schema.org\",\"@graph\":[{\"@type\":\"WebPage\",\"@id\":\"https:\/\/www.tigercat.com\/fr\/politique-contre-travail-enfants-force\/\",\"url\":\"https:\/\/www.tigercat.com\/fr\/politique-contre-travail-enfants-force\/\",\"name\":\"Politique contre le travail des enfants et le travail forc\u00e9 - Tigercat\",\"isPartOf\":{\"@id\":\"https:\/\/www.tigercat.com\/fr\/#website\"},\"datePublished\":\"2023-02-14T19:50:19+00:00\",\"dateModified\":\"2025-10-14T11:54:37+00:00\",\"breadcrumb\":{\"@id\":\"https:\/\/www.tigercat.com\/fr\/politique-contre-travail-enfants-force\/#breadcrumb\"},\"inLanguage\":\"fr\",\"potentialAction\":[{\"@type\":\"ReadAction\",\"target\":[\"https:\/\/www.tigercat.com\/fr\/politique-contre-travail-enfants-force\/\"]}]},{\"@type\":\"BreadcrumbList\",\"@id\":\"https:\/\/www.tigercat.com\/fr\/politique-contre-travail-enfants-force\/#breadcrumb\",\"itemListElement\":[{\"@type\":\"ListItem\",\"position\":1,\"name\":\"Home\",\"item\":\"https:\/\/www.tigercat.com\/fr\/\"},{\"@type\":\"ListItem\",\"position\":2,\"name\":\"Politique contre le travail des enfants et le travail forc\u00e9\"}]},{\"@type\":\"WebSite\",\"@id\":\"https:\/\/www.tigercat.com\/fr\/#website\",\"url\":\"https:\/\/www.tigercat.com\/fr\/\",\"name\":\"%%title%%\",\"description\":\"\",\"publisher\":{\"@id\":\"https:\/\/www.tigercat.com\/fr\/#organization\"},\"potentialAction\":[{\"@type\":\"SearchAction\",\"target\":{\"@type\":\"EntryPoint\",\"urlTemplate\":\"https:\/\/www.tigercat.com\/fr\/?s={search_term_string}\"},\"query-input\":{\"@type\":\"PropertyValueSpecification\",\"valueRequired\":true,\"valueName\":\"search_term_string\"}}],\"inLanguage\":\"fr\"},{\"@type\":\"Organization\",\"@id\":\"https:\/\/www.tigercat.com\/fr\/#organization\",\"name\":\"Tigercat Industries Inc\",\"url\":\"https:\/\/www.tigercat.com\/fr\/\",\"logo\":{\"@type\":\"ImageObject\",\"inLanguage\":\"fr\",\"@id\":\"https:\/\/www.tigercat.com\/fr\/#\/schema\/logo\/image\/\",\"url\":\"https:\/\/www.tigercat.com\/wp-content\/uploads\/2017\/04\/tigercat_logo_700.png\",\"contentUrl\":\"https:\/\/www.tigercat.com\/wp-content\/uploads\/2017\/04\/tigercat_logo_700.png\",\"width\":700,\"height\":186,\"caption\":\"Tigercat Industries Inc\"},\"image\":{\"@id\":\"https:\/\/www.tigercat.com\/fr\/#\/schema\/logo\/image\/\"},\"sameAs\":[\"http:\/\/www.facebook.com\/Tigercat\/\",\"http:\/\/www.linkedin.com\/company\/tigercat-inc-?trk=top_nav_home\",\"http:\/\/www.youtube.com\/user\/TigercatForestry\",\"https:\/\/www.instagram.com\/tigercat_machines\/\"]}]}<\/script>\n<!-- \/ Yoast SEO Premium plugin. -->","yoast_head_json":{"title":"Politique contre le travail des enfants et le travail forc\u00e9 - Tigercat","robots":{"index":"index","follow":"follow","max-snippet":"max-snippet:-1","max-image-preview":"max-image-preview:large","max-video-preview":"max-video-preview:-1"},"canonical":"https:\/\/www.tigercat.com\/fr\/politique-contre-travail-enfants-force\/","og_locale":"fr_FR","og_type":"article","og_title":"Politique contre le travail des enfants et le travail forc\u00e9","og_url":"https:\/\/www.tigercat.com\/fr\/politique-contre-travail-enfants-force\/","og_site_name":"Tigercat","article_publisher":"http:\/\/www.facebook.com\/Tigercat\/","article_modified_time":"2025-10-14T11:54:37+00:00","twitter_misc":{"Est. reading time":"3 minutes"},"schema":{"@context":"https:\/\/schema.org","@graph":[{"@type":"WebPage","@id":"https:\/\/www.tigercat.com\/fr\/politique-contre-travail-enfants-force\/","url":"https:\/\/www.tigercat.com\/fr\/politique-contre-travail-enfants-force\/","name":"Politique contre le travail des enfants et le travail forc\u00e9 - Tigercat","isPartOf":{"@id":"https:\/\/www.tigercat.com\/fr\/#website"},"datePublished":"2023-02-14T19:50:19+00:00","dateModified":"2025-10-14T11:54:37+00:00","breadcrumb":{"@id":"https:\/\/www.tigercat.com\/fr\/politique-contre-travail-enfants-force\/#breadcrumb"},"inLanguage":"fr","potentialAction":[{"@type":"ReadAction","target":["https:\/\/www.tigercat.com\/fr\/politique-contre-travail-enfants-force\/"]}]},{"@type":"BreadcrumbList","@id":"https:\/\/www.tigercat.com\/fr\/politique-contre-travail-enfants-force\/#breadcrumb","itemListElement":[{"@type":"ListItem","position":1,"name":"Home","item":"https:\/\/www.tigercat.com\/fr\/"},{"@type":"ListItem","position":2,"name":"Politique contre le travail des enfants et le travail forc\u00e9"}]},{"@type":"WebSite","@id":"https:\/\/www.tigercat.com\/fr\/#website","url":"https:\/\/www.tigercat.com\/fr\/","name":"%%title%%","description":"","publisher":{"@id":"https:\/\/www.tigercat.com\/fr\/#organization"},"potentialAction":[{"@type":"SearchAction","target":{"@type":"EntryPoint","urlTemplate":"https:\/\/www.tigercat.com\/fr\/?s={search_term_string}"},"query-input":{"@type":"PropertyValueSpecification","valueRequired":true,"valueName":"search_term_string"}}],"inLanguage":"fr"},{"@type":"Organization","@id":"https:\/\/www.tigercat.com\/fr\/#organization","name":"Tigercat Industries Inc","url":"https:\/\/www.tigercat.com\/fr\/","logo":{"@type":"ImageObject","inLanguage":"fr","@id":"https:\/\/www.tigercat.com\/fr\/#\/schema\/logo\/image\/","url":"https:\/\/www.tigercat.com\/wp-content\/uploads\/2017\/04\/tigercat_logo_700.png","contentUrl":"https:\/\/www.tigercat.com\/wp-content\/uploads\/2017\/04\/tigercat_logo_700.png","width":700,"height":186,"caption":"Tigercat Industries Inc"},"image":{"@id":"https:\/\/www.tigercat.com\/fr\/#\/schema\/logo\/image\/"},"sameAs":["http:\/\/www.facebook.com\/Tigercat\/","http:\/\/www.linkedin.com\/company\/tigercat-inc-?trk=top_nav_home","http:\/\/www.youtube.com\/user\/TigercatForestry","https:\/\/www.instagram.com\/tigercat_machines\/"]}]}},"_links":{"self":[{"href":"https:\/\/www.tigercat.com\/fr\/wp-json\/wp\/v2\/pages\/91238","targetHints":{"allow":["GET"]}}],"collection":[{"href":"https:\/\/www.tigercat.com\/fr\/wp-json\/wp\/v2\/pages"}],"about":[{"href":"https:\/\/www.tigercat.com\/fr\/wp-json\/wp\/v2\/types\/page"}],"author":[{"embeddable":true,"href":"https:\/\/www.tigercat.com\/fr\/wp-json\/wp\/v2\/users\/7"}],"replies":[{"embeddable":true,"href":"https:\/\/www.tigercat.com\/fr\/wp-json\/wp\/v2\/comments?post=91238"}],"version-history":[{"count":0,"href":"https:\/\/www.tigercat.com\/fr\/wp-json\/wp\/v2\/pages\/91238\/revisions"}],"wp:attachment":[{"href":"https:\/\/www.tigercat.com\/fr\/wp-json\/wp\/v2\/media?parent=91238"}],"curies":[{"name":"wp","href":"https:\/\/api.w.org\/{rel}","templated":true}]}}