{"id":66863,"date":"2014-10-30T10:54:59","date_gmt":"2014-10-30T10:54:59","guid":{"rendered":"https:\/\/www.tigercat.com\/tigercat-support\/"},"modified":"2025-11-17T12:29:45","modified_gmt":"2025-11-17T12:29:45","slug":"suporte-tigercat","status":"publish","type":"page","link":"https:\/\/www.tigercat.com\/pt-pt\/suporte-tigercat\/","title":{"rendered":"Suporte ao produto"},"content":{"rendered":"","protected":false},"excerpt":{"rendered":"<p>Rede de distribuidores mundiais. Suporte local fornecido pela f\u00e1brica.<br \/>\nPode contar com nosso suporte.<\/p>\n","protected":false},"author":7,"featured_media":0,"parent":0,"menu_order":1,"comment_status":"closed","ping_status":"closed","template":"","meta":{"_acf_changed":false,"_lmt_disableupdate":"no","_lmt_disable":"","footnotes":""},"class_list":["post-66863","page","type-page","status-publish","hentry"],"acf":[],"yoast_head":"<!-- This site is optimized with the Yoast SEO Premium plugin v27.2 (Yoast SEO v27.2) - https:\/\/yoast.com\/product\/yoast-seo-premium-wordpress\/ -->\n<title>Suporte ao produto da Tigercat | Pode contar com nosso suporte<\/title>\n<meta name=\"description\" content=\"A disponibilidade de pe\u00e7as de Tigercat e o suporte t\u00e9cnico s\u00e3o importantes. Procure pelo melhor servi\u00e7o de p\u00f3s-venda na rede de distribuidores mundiais Tigercat.\" \/>\n<meta name=\"robots\" content=\"index, follow, max-snippet:-1, max-image-preview:large, max-video-preview:-1\" \/>\n<link rel=\"canonical\" href=\"https:\/\/www.tigercat.com\/pt-pt\/suporte-tigercat\/\" \/>\n<meta property=\"og:locale\" content=\"pt_PT\" \/>\n<meta property=\"og:type\" content=\"article\" \/>\n<meta property=\"og:title\" content=\"Suporte ao produto\" \/>\n<meta property=\"og:description\" content=\"A disponibilidade de pe\u00e7as de Tigercat e o suporte t\u00e9cnico s\u00e3o importantes. Procure pelo melhor servi\u00e7o de p\u00f3s-venda na rede de distribuidores mundiais Tigercat.\" \/>\n<meta property=\"og:url\" content=\"https:\/\/www.tigercat.com\/pt-pt\/suporte-tigercat\/\" \/>\n<meta property=\"og:site_name\" content=\"Tigercat\" \/>\n<meta property=\"article:publisher\" content=\"http:\/\/www.facebook.com\/Tigercat\/\" \/>\n<meta property=\"article:modified_time\" content=\"2025-11-17T12:29:45+00:00\" \/>\n<script type=\"application\/ld+json\" class=\"yoast-schema-graph\">{\"@context\":\"https:\/\/schema.org\",\"@graph\":[{\"@type\":\"WebPage\",\"@id\":\"https:\/\/www.tigercat.com\/pt-pt\/suporte-tigercat\/\",\"url\":\"https:\/\/www.tigercat.com\/pt-pt\/suporte-tigercat\/\",\"name\":\"Suporte ao produto da Tigercat | Pode contar com nosso suporte\",\"isPartOf\":{\"@id\":\"https:\/\/www.tigercat.com\/pt-pt\/#website\"},\"datePublished\":\"2014-10-30T10:54:59+00:00\",\"dateModified\":\"2025-11-17T12:29:45+00:00\",\"description\":\"A disponibilidade de pe\u00e7as de Tigercat e o suporte t\u00e9cnico s\u00e3o importantes. Procure pelo melhor servi\u00e7o de p\u00f3s-venda na rede de distribuidores mundiais Tigercat.\",\"breadcrumb\":{\"@id\":\"https:\/\/www.tigercat.com\/pt-pt\/suporte-tigercat\/#breadcrumb\"},\"inLanguage\":\"pt\",\"potentialAction\":[{\"@type\":\"ReadAction\",\"target\":[\"https:\/\/www.tigercat.com\/pt-pt\/suporte-tigercat\/\"]}]},{\"@type\":\"BreadcrumbList\",\"@id\":\"https:\/\/www.tigercat.com\/pt-pt\/suporte-tigercat\/#breadcrumb\",\"itemListElement\":[{\"@type\":\"ListItem\",\"position\":1,\"name\":\"Home\",\"item\":\"https:\/\/www.tigercat.com\/pt-pt\/\"},{\"@type\":\"ListItem\",\"position\":2,\"name\":\"Suporte ao produto\"}]},{\"@type\":\"WebSite\",\"@id\":\"https:\/\/www.tigercat.com\/pt-pt\/#website\",\"url\":\"https:\/\/www.tigercat.com\/pt-pt\/\",\"name\":\"%%title%%\",\"description\":\"\",\"publisher\":{\"@id\":\"https:\/\/www.tigercat.com\/pt-pt\/#organization\"},\"potentialAction\":[{\"@type\":\"SearchAction\",\"target\":{\"@type\":\"EntryPoint\",\"urlTemplate\":\"https:\/\/www.tigercat.com\/pt-pt\/?s={search_term_string}\"},\"query-input\":{\"@type\":\"PropertyValueSpecification\",\"valueRequired\":true,\"valueName\":\"search_term_string\"}}],\"inLanguage\":\"pt\"},{\"@type\":\"Organization\",\"@id\":\"https:\/\/www.tigercat.com\/pt-pt\/#organization\",\"name\":\"Tigercat Industries Inc\",\"url\":\"https:\/\/www.tigercat.com\/pt-pt\/\",\"logo\":{\"@type\":\"ImageObject\",\"inLanguage\":\"pt\",\"@id\":\"https:\/\/www.tigercat.com\/pt-pt\/#\/schema\/logo\/image\/\",\"url\":\"https:\/\/www.tigercat.com\/wp-content\/uploads\/2017\/04\/tigercat_logo_700.png\",\"contentUrl\":\"https:\/\/www.tigercat.com\/wp-content\/uploads\/2017\/04\/tigercat_logo_700.png\",\"width\":700,\"height\":186,\"caption\":\"Tigercat Industries Inc\"},\"image\":{\"@id\":\"https:\/\/www.tigercat.com\/pt-pt\/#\/schema\/logo\/image\/\"},\"sameAs\":[\"http:\/\/www.facebook.com\/Tigercat\/\",\"http:\/\/www.linkedin.com\/company\/tigercat-inc-?trk=top_nav_home\",\"http:\/\/www.youtube.com\/user\/TigercatForestry\",\"https:\/\/www.instagram.com\/tigercat_machines\/\"]}]}<\/script>\n<!-- \/ Yoast SEO Premium plugin. -->","yoast_head_json":{"title":"Suporte ao produto da Tigercat | Pode contar com nosso suporte","description":"A disponibilidade de pe\u00e7as de Tigercat e o suporte t\u00e9cnico s\u00e3o importantes. Procure pelo melhor servi\u00e7o de p\u00f3s-venda na rede de distribuidores mundiais Tigercat.","robots":{"index":"index","follow":"follow","max-snippet":"max-snippet:-1","max-image-preview":"max-image-preview:large","max-video-preview":"max-video-preview:-1"},"canonical":"https:\/\/www.tigercat.com\/pt-pt\/suporte-tigercat\/","og_locale":"pt_PT","og_type":"article","og_title":"Suporte ao produto","og_description":"A disponibilidade de pe\u00e7as de Tigercat e o suporte t\u00e9cnico s\u00e3o importantes. Procure pelo melhor servi\u00e7o de p\u00f3s-venda na rede de distribuidores mundiais Tigercat.","og_url":"https:\/\/www.tigercat.com\/pt-pt\/suporte-tigercat\/","og_site_name":"Tigercat","article_publisher":"http:\/\/www.facebook.com\/Tigercat\/","article_modified_time":"2025-11-17T12:29:45+00:00","schema":{"@context":"https:\/\/schema.org","@graph":[{"@type":"WebPage","@id":"https:\/\/www.tigercat.com\/pt-pt\/suporte-tigercat\/","url":"https:\/\/www.tigercat.com\/pt-pt\/suporte-tigercat\/","name":"Suporte ao produto da Tigercat | Pode contar com nosso suporte","isPartOf":{"@id":"https:\/\/www.tigercat.com\/pt-pt\/#website"},"datePublished":"2014-10-30T10:54:59+00:00","dateModified":"2025-11-17T12:29:45+00:00","description":"A disponibilidade de pe\u00e7as de Tigercat e o suporte t\u00e9cnico s\u00e3o importantes. Procure pelo melhor servi\u00e7o de p\u00f3s-venda na rede de distribuidores mundiais Tigercat.","breadcrumb":{"@id":"https:\/\/www.tigercat.com\/pt-pt\/suporte-tigercat\/#breadcrumb"},"inLanguage":"pt","potentialAction":[{"@type":"ReadAction","target":["https:\/\/www.tigercat.com\/pt-pt\/suporte-tigercat\/"]}]},{"@type":"BreadcrumbList","@id":"https:\/\/www.tigercat.com\/pt-pt\/suporte-tigercat\/#breadcrumb","itemListElement":[{"@type":"ListItem","position":1,"name":"Home","item":"https:\/\/www.tigercat.com\/pt-pt\/"},{"@type":"ListItem","position":2,"name":"Suporte ao produto"}]},{"@type":"WebSite","@id":"https:\/\/www.tigercat.com\/pt-pt\/#website","url":"https:\/\/www.tigercat.com\/pt-pt\/","name":"%%title%%","description":"","publisher":{"@id":"https:\/\/www.tigercat.com\/pt-pt\/#organization"},"potentialAction":[{"@type":"SearchAction","target":{"@type":"EntryPoint","urlTemplate":"https:\/\/www.tigercat.com\/pt-pt\/?s={search_term_string}"},"query-input":{"@type":"PropertyValueSpecification","valueRequired":true,"valueName":"search_term_string"}}],"inLanguage":"pt"},{"@type":"Organization","@id":"https:\/\/www.tigercat.com\/pt-pt\/#organization","name":"Tigercat Industries Inc","url":"https:\/\/www.tigercat.com\/pt-pt\/","logo":{"@type":"ImageObject","inLanguage":"pt","@id":"https:\/\/www.tigercat.com\/pt-pt\/#\/schema\/logo\/image\/","url":"https:\/\/www.tigercat.com\/wp-content\/uploads\/2017\/04\/tigercat_logo_700.png","contentUrl":"https:\/\/www.tigercat.com\/wp-content\/uploads\/2017\/04\/tigercat_logo_700.png","width":700,"height":186,"caption":"Tigercat Industries Inc"},"image":{"@id":"https:\/\/www.tigercat.com\/pt-pt\/#\/schema\/logo\/image\/"},"sameAs":["http:\/\/www.facebook.com\/Tigercat\/","http:\/\/www.linkedin.com\/company\/tigercat-inc-?trk=top_nav_home","http:\/\/www.youtube.com\/user\/TigercatForestry","https:\/\/www.instagram.com\/tigercat_machines\/"]}]}},"_links":{"self":[{"href":"https:\/\/www.tigercat.com\/pt-pt\/wp-json\/wp\/v2\/pages\/66863","targetHints":{"allow":["GET"]}}],"collection":[{"href":"https:\/\/www.tigercat.com\/pt-pt\/wp-json\/wp\/v2\/pages"}],"about":[{"href":"https:\/\/www.tigercat.com\/pt-pt\/wp-json\/wp\/v2\/types\/page"}],"author":[{"embeddable":true,"href":"https:\/\/www.tigercat.com\/pt-pt\/wp-json\/wp\/v2\/users\/7"}],"replies":[{"embeddable":true,"href":"https:\/\/www.tigercat.com\/pt-pt\/wp-json\/wp\/v2\/comments?post=66863"}],"version-history":[{"count":0,"href":"https:\/\/www.tigercat.com\/pt-pt\/wp-json\/wp\/v2\/pages\/66863\/revisions"}],"wp:attachment":[{"href":"https:\/\/www.tigercat.com\/pt-pt\/wp-json\/wp\/v2\/media?parent=66863"}],"curies":[{"name":"wp","href":"https:\/\/api.w.org\/{rel}","templated":true}]}}