{"id":66883,"date":"2022-01-19T17:29:00","date_gmt":"2022-01-19T17:29:00","guid":{"rendered":"https:\/\/www.tigercat.com\/filtration\/"},"modified":"2023-12-26T14:37:28","modified_gmt":"2023-12-26T14:37:28","slug":"filtragem","status":"publish","type":"page","link":"https:\/\/www.tigercat.com\/pt-pt\/filtragem\/","title":{"rendered":"\u00daltima linha de defesa"},"content":{"rendered":"","protected":false},"excerpt":{"rendered":"<p>\u00c9 crucial usar os filtros Tigercat OEM corretos e fazer a manuten\u00e7\u00e3o peri\u00f3dica recomendada para aumentar a vida \u00fatil e o tempo de opera\u00e7\u00e3o dos equipamentos. <\/p>\n","protected":false},"author":7,"featured_media":0,"parent":0,"menu_order":0,"comment_status":"closed","ping_status":"closed","template":"","meta":{"_acf_changed":false,"_lmt_disableupdate":"","_lmt_disable":"","footnotes":""},"class_list":["post-66883","page","type-page","status-publish","hentry"],"acf":[],"yoast_head":"<!-- This site is optimized with the Yoast SEO Premium plugin v27.2 (Yoast SEO v27.2) - https:\/\/yoast.com\/product\/yoast-seo-premium-wordpress\/ -->\n<title>Filtragem | Suporte ao produto | Tigercat<\/title>\n<meta name=\"description\" content=\"A filtragem \u00e9 a \u00faltima linha de defesa. Descubra por que \u00e9 essencial usar os filtros corretos da Tigercat e fazer a manuten\u00e7\u00e3o peri\u00f3dica recomendada.\" \/>\n<meta name=\"robots\" content=\"index, follow, max-snippet:-1, max-image-preview:large, max-video-preview:-1\" \/>\n<link rel=\"canonical\" href=\"https:\/\/www.tigercat.com\/pt-pt\/filtragem\/\" \/>\n<meta property=\"og:locale\" content=\"pt_PT\" \/>\n<meta property=\"og:type\" content=\"article\" \/>\n<meta property=\"og:title\" content=\"\u00daltima linha de defesa\" \/>\n<meta property=\"og:description\" content=\"A filtragem \u00e9 a \u00faltima linha de defesa. Descubra por que \u00e9 essencial usar os filtros corretos da Tigercat e fazer a manuten\u00e7\u00e3o peri\u00f3dica recomendada.\" \/>\n<meta property=\"og:url\" content=\"https:\/\/www.tigercat.com\/pt-pt\/filtragem\/\" \/>\n<meta property=\"og:site_name\" content=\"Tigercat\" \/>\n<meta property=\"article:publisher\" content=\"http:\/\/www.facebook.com\/Tigercat\/\" \/>\n<meta property=\"article:modified_time\" content=\"2023-12-26T14:37:28+00:00\" \/>\n<script type=\"application\/ld+json\" class=\"yoast-schema-graph\">{\"@context\":\"https:\/\/schema.org\",\"@graph\":[{\"@type\":\"WebPage\",\"@id\":\"https:\/\/www.tigercat.com\/pt-pt\/filtragem\/\",\"url\":\"https:\/\/www.tigercat.com\/pt-pt\/filtragem\/\",\"name\":\"Filtragem | Suporte ao produto | Tigercat\",\"isPartOf\":{\"@id\":\"https:\/\/www.tigercat.com\/pt-pt\/#website\"},\"datePublished\":\"2022-01-19T17:29:00+00:00\",\"dateModified\":\"2023-12-26T14:37:28+00:00\",\"description\":\"A filtragem \u00e9 a \u00faltima linha de defesa. Descubra por que \u00e9 essencial usar os filtros corretos da Tigercat e fazer a manuten\u00e7\u00e3o peri\u00f3dica recomendada.\",\"breadcrumb\":{\"@id\":\"https:\/\/www.tigercat.com\/pt-pt\/filtragem\/#breadcrumb\"},\"inLanguage\":\"pt\",\"potentialAction\":[{\"@type\":\"ReadAction\",\"target\":[\"https:\/\/www.tigercat.com\/pt-pt\/filtragem\/\"]}]},{\"@type\":\"BreadcrumbList\",\"@id\":\"https:\/\/www.tigercat.com\/pt-pt\/filtragem\/#breadcrumb\",\"itemListElement\":[{\"@type\":\"ListItem\",\"position\":1,\"name\":\"Home\",\"item\":\"https:\/\/www.tigercat.com\/pt-pt\/\"},{\"@type\":\"ListItem\",\"position\":2,\"name\":\"\u00daltima linha de defesa\"}]},{\"@type\":\"WebSite\",\"@id\":\"https:\/\/www.tigercat.com\/pt-pt\/#website\",\"url\":\"https:\/\/www.tigercat.com\/pt-pt\/\",\"name\":\"%%title%%\",\"description\":\"\",\"publisher\":{\"@id\":\"https:\/\/www.tigercat.com\/pt-pt\/#organization\"},\"potentialAction\":[{\"@type\":\"SearchAction\",\"target\":{\"@type\":\"EntryPoint\",\"urlTemplate\":\"https:\/\/www.tigercat.com\/pt-pt\/?s={search_term_string}\"},\"query-input\":{\"@type\":\"PropertyValueSpecification\",\"valueRequired\":true,\"valueName\":\"search_term_string\"}}],\"inLanguage\":\"pt\"},{\"@type\":\"Organization\",\"@id\":\"https:\/\/www.tigercat.com\/pt-pt\/#organization\",\"name\":\"Tigercat Industries Inc\",\"url\":\"https:\/\/www.tigercat.com\/pt-pt\/\",\"logo\":{\"@type\":\"ImageObject\",\"inLanguage\":\"pt\",\"@id\":\"https:\/\/www.tigercat.com\/pt-pt\/#\/schema\/logo\/image\/\",\"url\":\"https:\/\/www.tigercat.com\/wp-content\/uploads\/2017\/04\/tigercat_logo_700.png\",\"contentUrl\":\"https:\/\/www.tigercat.com\/wp-content\/uploads\/2017\/04\/tigercat_logo_700.png\",\"width\":700,\"height\":186,\"caption\":\"Tigercat Industries Inc\"},\"image\":{\"@id\":\"https:\/\/www.tigercat.com\/pt-pt\/#\/schema\/logo\/image\/\"},\"sameAs\":[\"http:\/\/www.facebook.com\/Tigercat\/\",\"http:\/\/www.linkedin.com\/company\/tigercat-inc-?trk=top_nav_home\",\"http:\/\/www.youtube.com\/user\/TigercatForestry\",\"https:\/\/www.instagram.com\/tigercat_machines\/\"]}]}<\/script>\n<!-- \/ Yoast SEO Premium plugin. -->","yoast_head_json":{"title":"Filtragem | Suporte ao produto | Tigercat","description":"A filtragem \u00e9 a \u00faltima linha de defesa. Descubra por que \u00e9 essencial usar os filtros corretos da Tigercat e fazer a manuten\u00e7\u00e3o peri\u00f3dica recomendada.","robots":{"index":"index","follow":"follow","max-snippet":"max-snippet:-1","max-image-preview":"max-image-preview:large","max-video-preview":"max-video-preview:-1"},"canonical":"https:\/\/www.tigercat.com\/pt-pt\/filtragem\/","og_locale":"pt_PT","og_type":"article","og_title":"\u00daltima linha de defesa","og_description":"A filtragem \u00e9 a \u00faltima linha de defesa. Descubra por que \u00e9 essencial usar os filtros corretos da Tigercat e fazer a manuten\u00e7\u00e3o peri\u00f3dica recomendada.","og_url":"https:\/\/www.tigercat.com\/pt-pt\/filtragem\/","og_site_name":"Tigercat","article_publisher":"http:\/\/www.facebook.com\/Tigercat\/","article_modified_time":"2023-12-26T14:37:28+00:00","schema":{"@context":"https:\/\/schema.org","@graph":[{"@type":"WebPage","@id":"https:\/\/www.tigercat.com\/pt-pt\/filtragem\/","url":"https:\/\/www.tigercat.com\/pt-pt\/filtragem\/","name":"Filtragem | Suporte ao produto | Tigercat","isPartOf":{"@id":"https:\/\/www.tigercat.com\/pt-pt\/#website"},"datePublished":"2022-01-19T17:29:00+00:00","dateModified":"2023-12-26T14:37:28+00:00","description":"A filtragem \u00e9 a \u00faltima linha de defesa. Descubra por que \u00e9 essencial usar os filtros corretos da Tigercat e fazer a manuten\u00e7\u00e3o peri\u00f3dica recomendada.","breadcrumb":{"@id":"https:\/\/www.tigercat.com\/pt-pt\/filtragem\/#breadcrumb"},"inLanguage":"pt","potentialAction":[{"@type":"ReadAction","target":["https:\/\/www.tigercat.com\/pt-pt\/filtragem\/"]}]},{"@type":"BreadcrumbList","@id":"https:\/\/www.tigercat.com\/pt-pt\/filtragem\/#breadcrumb","itemListElement":[{"@type":"ListItem","position":1,"name":"Home","item":"https:\/\/www.tigercat.com\/pt-pt\/"},{"@type":"ListItem","position":2,"name":"\u00daltima linha de defesa"}]},{"@type":"WebSite","@id":"https:\/\/www.tigercat.com\/pt-pt\/#website","url":"https:\/\/www.tigercat.com\/pt-pt\/","name":"%%title%%","description":"","publisher":{"@id":"https:\/\/www.tigercat.com\/pt-pt\/#organization"},"potentialAction":[{"@type":"SearchAction","target":{"@type":"EntryPoint","urlTemplate":"https:\/\/www.tigercat.com\/pt-pt\/?s={search_term_string}"},"query-input":{"@type":"PropertyValueSpecification","valueRequired":true,"valueName":"search_term_string"}}],"inLanguage":"pt"},{"@type":"Organization","@id":"https:\/\/www.tigercat.com\/pt-pt\/#organization","name":"Tigercat Industries Inc","url":"https:\/\/www.tigercat.com\/pt-pt\/","logo":{"@type":"ImageObject","inLanguage":"pt","@id":"https:\/\/www.tigercat.com\/pt-pt\/#\/schema\/logo\/image\/","url":"https:\/\/www.tigercat.com\/wp-content\/uploads\/2017\/04\/tigercat_logo_700.png","contentUrl":"https:\/\/www.tigercat.com\/wp-content\/uploads\/2017\/04\/tigercat_logo_700.png","width":700,"height":186,"caption":"Tigercat Industries Inc"},"image":{"@id":"https:\/\/www.tigercat.com\/pt-pt\/#\/schema\/logo\/image\/"},"sameAs":["http:\/\/www.facebook.com\/Tigercat\/","http:\/\/www.linkedin.com\/company\/tigercat-inc-?trk=top_nav_home","http:\/\/www.youtube.com\/user\/TigercatForestry","https:\/\/www.instagram.com\/tigercat_machines\/"]}]}},"_links":{"self":[{"href":"https:\/\/www.tigercat.com\/pt-pt\/wp-json\/wp\/v2\/pages\/66883","targetHints":{"allow":["GET"]}}],"collection":[{"href":"https:\/\/www.tigercat.com\/pt-pt\/wp-json\/wp\/v2\/pages"}],"about":[{"href":"https:\/\/www.tigercat.com\/pt-pt\/wp-json\/wp\/v2\/types\/page"}],"author":[{"embeddable":true,"href":"https:\/\/www.tigercat.com\/pt-pt\/wp-json\/wp\/v2\/users\/7"}],"replies":[{"embeddable":true,"href":"https:\/\/www.tigercat.com\/pt-pt\/wp-json\/wp\/v2\/comments?post=66883"}],"version-history":[{"count":0,"href":"https:\/\/www.tigercat.com\/pt-pt\/wp-json\/wp\/v2\/pages\/66883\/revisions"}],"wp:attachment":[{"href":"https:\/\/www.tigercat.com\/pt-pt\/wp-json\/wp\/v2\/media?parent=66883"}],"curies":[{"name":"wp","href":"https:\/\/api.w.org\/{rel}","templated":true}]}}