{"id":78230,"date":"2023-10-31T19:58:49","date_gmt":"2023-10-31T19:58:49","guid":{"rendered":"https:\/\/www.tigercat.com\/information-systems\/"},"modified":"2023-12-26T14:37:34","modified_gmt":"2023-12-26T14:37:34","slug":"sistemas-informacao","status":"publish","type":"page","link":"https:\/\/www.tigercat.com\/pt-pt\/sistemas-informacao\/","title":{"rendered":"Sistemas de informa\u00e7\u00e3o"},"content":{"rendered":"","protected":false},"excerpt":{"rendered":"<p>Os sistemas de informa\u00e7\u00e3o da Tigercat simplificam o gerenciamento de opera\u00e7\u00f5es e fornecem uma base para a tomada s\u00f3lida de decis\u00f5es.<\/p>\n","protected":false},"author":7,"featured_media":0,"parent":0,"menu_order":0,"comment_status":"closed","ping_status":"closed","template":"","meta":{"_acf_changed":false,"_lmt_disableupdate":"","_lmt_disable":"","footnotes":""},"class_list":["post-78230","page","type-page","status-publish","hentry"],"acf":[],"yoast_head":"<!-- This site is optimized with the Yoast SEO Premium plugin v27.2 (Yoast SEO v27.2) - https:\/\/yoast.com\/product\/yoast-seo-premium-wordpress\/ -->\n<title>Sistemas de informa\u00e7\u00e3o - Tigercat<\/title>\n<meta name=\"robots\" content=\"noindex, follow\" \/>\n<meta property=\"og:locale\" content=\"pt_PT\" \/>\n<meta property=\"og:type\" content=\"article\" \/>\n<meta property=\"og:title\" content=\"Sistemas de informa\u00e7\u00e3o\" \/>\n<meta property=\"og:description\" content=\"Os sistemas de informa\u00e7\u00e3o da Tigercat simplificam o gerenciamento de opera\u00e7\u00f5es e fornecem uma base para a tomada s\u00f3lida de decis\u00f5es.\" \/>\n<meta property=\"og:url\" content=\"https:\/\/www.tigercat.com\/pt-pt\/sistemas-informacao\/\" \/>\n<meta property=\"og:site_name\" content=\"Tigercat\" \/>\n<meta property=\"article:publisher\" content=\"http:\/\/www.facebook.com\/Tigercat\/\" \/>\n<meta property=\"article:modified_time\" content=\"2023-12-26T14:37:34+00:00\" \/>\n<script type=\"application\/ld+json\" class=\"yoast-schema-graph\">{\"@context\":\"https:\/\/schema.org\",\"@graph\":[{\"@type\":\"WebPage\",\"@id\":\"https:\/\/www.tigercat.com\/pt-pt\/sistemas-informacao\/\",\"url\":\"https:\/\/www.tigercat.com\/pt-pt\/sistemas-informacao\/\",\"name\":\"Sistemas de informa\u00e7\u00e3o - Tigercat\",\"isPartOf\":{\"@id\":\"https:\/\/www.tigercat.com\/pt-pt\/#website\"},\"datePublished\":\"2023-10-31T19:58:49+00:00\",\"dateModified\":\"2023-12-26T14:37:34+00:00\",\"breadcrumb\":{\"@id\":\"https:\/\/www.tigercat.com\/pt-pt\/sistemas-informacao\/#breadcrumb\"},\"inLanguage\":\"pt\",\"potentialAction\":[{\"@type\":\"ReadAction\",\"target\":[\"https:\/\/www.tigercat.com\/pt-pt\/sistemas-informacao\/\"]}]},{\"@type\":\"BreadcrumbList\",\"@id\":\"https:\/\/www.tigercat.com\/pt-pt\/sistemas-informacao\/#breadcrumb\",\"itemListElement\":[{\"@type\":\"ListItem\",\"position\":1,\"name\":\"Home\",\"item\":\"https:\/\/www.tigercat.com\/pt-pt\/\"},{\"@type\":\"ListItem\",\"position\":2,\"name\":\"Sistemas de informa\u00e7\u00e3o\"}]},{\"@type\":\"WebSite\",\"@id\":\"https:\/\/www.tigercat.com\/pt-pt\/#website\",\"url\":\"https:\/\/www.tigercat.com\/pt-pt\/\",\"name\":\"%%title%%\",\"description\":\"\",\"publisher\":{\"@id\":\"https:\/\/www.tigercat.com\/pt-pt\/#organization\"},\"potentialAction\":[{\"@type\":\"SearchAction\",\"target\":{\"@type\":\"EntryPoint\",\"urlTemplate\":\"https:\/\/www.tigercat.com\/pt-pt\/?s={search_term_string}\"},\"query-input\":{\"@type\":\"PropertyValueSpecification\",\"valueRequired\":true,\"valueName\":\"search_term_string\"}}],\"inLanguage\":\"pt\"},{\"@type\":\"Organization\",\"@id\":\"https:\/\/www.tigercat.com\/pt-pt\/#organization\",\"name\":\"Tigercat Industries Inc\",\"url\":\"https:\/\/www.tigercat.com\/pt-pt\/\",\"logo\":{\"@type\":\"ImageObject\",\"inLanguage\":\"pt\",\"@id\":\"https:\/\/www.tigercat.com\/pt-pt\/#\/schema\/logo\/image\/\",\"url\":\"https:\/\/www.tigercat.com\/wp-content\/uploads\/2017\/04\/tigercat_logo_700.png\",\"contentUrl\":\"https:\/\/www.tigercat.com\/wp-content\/uploads\/2017\/04\/tigercat_logo_700.png\",\"width\":700,\"height\":186,\"caption\":\"Tigercat Industries Inc\"},\"image\":{\"@id\":\"https:\/\/www.tigercat.com\/pt-pt\/#\/schema\/logo\/image\/\"},\"sameAs\":[\"http:\/\/www.facebook.com\/Tigercat\/\",\"http:\/\/www.linkedin.com\/company\/tigercat-inc-?trk=top_nav_home\",\"http:\/\/www.youtube.com\/user\/TigercatForestry\",\"https:\/\/www.instagram.com\/tigercat_machines\/\"]}]}<\/script>\n<!-- \/ Yoast SEO Premium plugin. -->","yoast_head_json":{"title":"Sistemas de informa\u00e7\u00e3o - Tigercat","robots":{"index":"noindex","follow":"follow"},"og_locale":"pt_PT","og_type":"article","og_title":"Sistemas de informa\u00e7\u00e3o","og_description":"Os sistemas de informa\u00e7\u00e3o da Tigercat simplificam o gerenciamento de opera\u00e7\u00f5es e fornecem uma base para a tomada s\u00f3lida de decis\u00f5es.","og_url":"https:\/\/www.tigercat.com\/pt-pt\/sistemas-informacao\/","og_site_name":"Tigercat","article_publisher":"http:\/\/www.facebook.com\/Tigercat\/","article_modified_time":"2023-12-26T14:37:34+00:00","schema":{"@context":"https:\/\/schema.org","@graph":[{"@type":"WebPage","@id":"https:\/\/www.tigercat.com\/pt-pt\/sistemas-informacao\/","url":"https:\/\/www.tigercat.com\/pt-pt\/sistemas-informacao\/","name":"Sistemas de informa\u00e7\u00e3o - Tigercat","isPartOf":{"@id":"https:\/\/www.tigercat.com\/pt-pt\/#website"},"datePublished":"2023-10-31T19:58:49+00:00","dateModified":"2023-12-26T14:37:34+00:00","breadcrumb":{"@id":"https:\/\/www.tigercat.com\/pt-pt\/sistemas-informacao\/#breadcrumb"},"inLanguage":"pt","potentialAction":[{"@type":"ReadAction","target":["https:\/\/www.tigercat.com\/pt-pt\/sistemas-informacao\/"]}]},{"@type":"BreadcrumbList","@id":"https:\/\/www.tigercat.com\/pt-pt\/sistemas-informacao\/#breadcrumb","itemListElement":[{"@type":"ListItem","position":1,"name":"Home","item":"https:\/\/www.tigercat.com\/pt-pt\/"},{"@type":"ListItem","position":2,"name":"Sistemas de informa\u00e7\u00e3o"}]},{"@type":"WebSite","@id":"https:\/\/www.tigercat.com\/pt-pt\/#website","url":"https:\/\/www.tigercat.com\/pt-pt\/","name":"%%title%%","description":"","publisher":{"@id":"https:\/\/www.tigercat.com\/pt-pt\/#organization"},"potentialAction":[{"@type":"SearchAction","target":{"@type":"EntryPoint","urlTemplate":"https:\/\/www.tigercat.com\/pt-pt\/?s={search_term_string}"},"query-input":{"@type":"PropertyValueSpecification","valueRequired":true,"valueName":"search_term_string"}}],"inLanguage":"pt"},{"@type":"Organization","@id":"https:\/\/www.tigercat.com\/pt-pt\/#organization","name":"Tigercat Industries Inc","url":"https:\/\/www.tigercat.com\/pt-pt\/","logo":{"@type":"ImageObject","inLanguage":"pt","@id":"https:\/\/www.tigercat.com\/pt-pt\/#\/schema\/logo\/image\/","url":"https:\/\/www.tigercat.com\/wp-content\/uploads\/2017\/04\/tigercat_logo_700.png","contentUrl":"https:\/\/www.tigercat.com\/wp-content\/uploads\/2017\/04\/tigercat_logo_700.png","width":700,"height":186,"caption":"Tigercat Industries Inc"},"image":{"@id":"https:\/\/www.tigercat.com\/pt-pt\/#\/schema\/logo\/image\/"},"sameAs":["http:\/\/www.facebook.com\/Tigercat\/","http:\/\/www.linkedin.com\/company\/tigercat-inc-?trk=top_nav_home","http:\/\/www.youtube.com\/user\/TigercatForestry","https:\/\/www.instagram.com\/tigercat_machines\/"]}]}},"_links":{"self":[{"href":"https:\/\/www.tigercat.com\/pt-pt\/wp-json\/wp\/v2\/pages\/78230","targetHints":{"allow":["GET"]}}],"collection":[{"href":"https:\/\/www.tigercat.com\/pt-pt\/wp-json\/wp\/v2\/pages"}],"about":[{"href":"https:\/\/www.tigercat.com\/pt-pt\/wp-json\/wp\/v2\/types\/page"}],"author":[{"embeddable":true,"href":"https:\/\/www.tigercat.com\/pt-pt\/wp-json\/wp\/v2\/users\/7"}],"replies":[{"embeddable":true,"href":"https:\/\/www.tigercat.com\/pt-pt\/wp-json\/wp\/v2\/comments?post=78230"}],"version-history":[{"count":0,"href":"https:\/\/www.tigercat.com\/pt-pt\/wp-json\/wp\/v2\/pages\/78230\/revisions"}],"wp:attachment":[{"href":"https:\/\/www.tigercat.com\/pt-pt\/wp-json\/wp\/v2\/media?parent=78230"}],"curies":[{"name":"wp","href":"https:\/\/api.w.org\/{rel}","templated":true}]}}