{"id":91292,"date":"2023-02-14T19:50:19","date_gmt":"2023-02-14T19:50:19","guid":{"rendered":"https:\/\/www.tigercat.com\/no-child-forced-labour-policy\/"},"modified":"2025-10-14T11:57:16","modified_gmt":"2025-10-14T11:57:16","slug":"politica-nao-uso-trabalho-infantil-ou-forcado","status":"publish","type":"page","link":"https:\/\/www.tigercat.com\/pt-pt\/politica-nao-uso-trabalho-infantil-ou-forcado\/","title":{"rendered":"Pol\u00edtica de n\u00e3o uso de trabalho infantil ou for\u00e7ado"},"content":{"rendered":"<p>A Tigercat Industries est\u00e1 comprometida em operar de forma respons\u00e1vel em todo o mundo. De acordo com nossos valores, proibimos estritamente e n\u00e3o nos envolvemos em qualquer tipo de trabalho for\u00e7ado ou infantil, e esperamos o mesmo de nossos fornecedores e de sua cadeia de suprimentos.<\/p>\n<p>O objetivo desta pol\u00edtica \u00e9 afirmar nosso compromisso estabelecido com os direitos humanos e nosso compromisso de n\u00e3o contribuir, participar ou permitir o uso de trabalho for\u00e7ado ou infantil na fabrica\u00e7\u00e3o de equipamentos Tigercat.<\/p>\n<p><strong><u>Terminologia da Tigercat sobre trabalho infantil e for\u00e7ado<\/u><\/strong><strong>:<\/strong><\/p>\n<p><strong>Crian\u00e7a \u2013<\/strong> Para os fins destes princ\u00edpios, independentemente de qualquer lei nacional, local ou regulamento, a Tigercat define crian\u00e7a como qualquer pessoa com menos de 15\u00a0anos de idade. Em locais onde uma lei ou regulamento nacional ou local preveja uma idade m\u00ednima para v\u00ednculo empregat\u00edcio superior a 15\u00a0anos ou imponha restri\u00e7\u00f5es adicionais em atividades como trabalho perigoso, tais leis e regulamentos devem ser observados.<\/p>\n<p><strong>Trabalho perigoso \u2013<\/strong> Trabalho em condi\u00e7\u00f5es perigosas ou insalubres que possam resultar em morte, ferimentos ou doen\u00e7as como consequ\u00eancia dos acordos de trabalho. Exemplos de trabalho perigoso incluem, entre outros:<\/p>\n<ul>\n<li>Trabalho subterr\u00e2neo, debaixo d&#8217;\u00e1gua, em alturas perigosas ou em espa\u00e7os confinados.<\/li>\n<\/ul>\n<ul>\n<li>Trabalho com m\u00e1quinas, equipamentos e ferramentas perigosos, ou que envolva movimenta\u00e7\u00e3o ou transporte manual de cargas pesadas.<\/li>\n<li>Trabalho em ambiente insalubre, com exposi\u00e7\u00e3o a subst\u00e2ncias, agentes ou processos perigosos, ou a temperaturas, n\u00edveis de ru\u00eddo ou vibra\u00e7\u00f5es prejudiciais \u00e0 sa\u00fade.<\/li>\n<\/ul>\n<ul>\n<li>Trabalho em condi\u00e7\u00f5es particularmente dif\u00edceis, como longas horas de trabalho ou durante a noite, ou trabalho em que o trabalhador esteja injustificadamente confinado \u00e0s depend\u00eancias do empregador.<\/li>\n<\/ul>\n<p><strong>Trabalho for\u00e7ado \u2013<\/strong> Significa trabalho ou servi\u00e7o prestado, ou oferecido para ser prestado, por uma pessoa em circunst\u00e2ncias que<\/p>\n<ul>\n<li>poderiam razoavelmente levar a pessoa a acreditar que sua seguran\u00e7a ou a seguran\u00e7a de uma pessoa conhecida seria amea\u00e7ada se ela n\u00e3o prestasse ou se oferecesse para prestar o trabalho ou servi\u00e7o; ou<\/li>\n<li>\u00e9 exigido de uma pessoa sob a amea\u00e7a de penalidade e para o qual a referida pessoa n\u00e3o se ofereceu voluntariamente.<\/li>\n<\/ul>\n<p><strong><u>Compromisso da Tigercat:<\/u><\/strong><\/p>\n<p>A Tigercat certifica que seus funcion\u00e1rios, presentes e futuros, que produzem e fornecem os bens e servi\u00e7os que oferece, no todo ou em parte, n\u00e3o s\u00e3o, em nenhum caso, crian\u00e7as menores de 15\u00a0anos, ou 18\u00a0anos no caso de trabalho perigoso.\u00a0 A Tigercat certifica que n\u00e3o utilizar\u00e1 intencionalmente trabalho infantil.<\/p>\n<p>A Tigercat certifica que seus funcion\u00e1rios, presentes e futuros, que produzem e fornecem os bens e servi\u00e7os que oferece, no todo ou em parte, trabalham por vontade pr\u00f3pria. A Tigercat certifica que n\u00e3o utilizar\u00e1 intencionalmente trabalho for\u00e7ado.<\/p>\n<p><strong><u>Expectativas para a cadeia de suprimentos da Tigercat:<\/u><\/strong><\/p>\n<p>A Tigercat espera que nossos fornecedores e suas cadeias de suprimentos estejam totalmente cientes das proibi\u00e7\u00f5es mencionadas acima sobre trabalho infantil e for\u00e7ado e n\u00e3o usem direta ou indiretamente, ou ainda facilitem, trabalho infantil ou for\u00e7ado na fabrica\u00e7\u00e3o de pe\u00e7as e materiais fornecidos total ou parcialmente \u00e0 Tigercat.<\/p>\n<p>Se a Tigercat determinar que ocorreu uma viola\u00e7\u00e3o ou contraven\u00e7\u00e3o de leis ou regulamentos relevantes, a Tigercat notificar\u00e1 o Fornecedor e o Fornecedor dever\u00e1 remediar imediatamente a viola\u00e7\u00e3o ou a contraven\u00e7\u00e3o. Se a Tigercat determinar que o Fornecedor n\u00e3o corrigiu a viola\u00e7\u00e3o ou a contraven\u00e7\u00e3o, a Tigercat poder\u00e1 rescindir o contrato imediatamente, e tal rescis\u00e3o dever\u00e1 ser por justa causa.<\/p>\n<p>Os termos do pedido de compra da Tigercat exigem que os fornecedores cumpram esta pol\u00edtica, n\u00e3o se envolvendo ou utilizando intencionalmente trabalho infantil ou for\u00e7ado.<\/p>\n","protected":false},"excerpt":{"rendered":"","protected":false},"author":7,"featured_media":0,"parent":0,"menu_order":0,"comment_status":"closed","ping_status":"closed","template":"","meta":{"_acf_changed":false,"_lmt_disableupdate":"","_lmt_disable":"","footnotes":""},"class_list":["post-91292","page","type-page","status-publish","hentry"],"acf":[],"yoast_head":"<!-- This site is optimized with the Yoast SEO Premium plugin v27.2 (Yoast SEO v27.2) - https:\/\/yoast.com\/product\/yoast-seo-premium-wordpress\/ -->\n<title>Pol\u00edtica de n\u00e3o uso de trabalho infantil ou for\u00e7ado - Tigercat<\/title>\n<meta name=\"robots\" content=\"index, follow, max-snippet:-1, max-image-preview:large, max-video-preview:-1\" \/>\n<link rel=\"canonical\" href=\"https:\/\/www.tigercat.com\/pt-pt\/politica-nao-uso-trabalho-infantil-ou-forcado\/\" \/>\n<meta property=\"og:locale\" content=\"pt_PT\" \/>\n<meta property=\"og:type\" content=\"article\" \/>\n<meta property=\"og:title\" content=\"Pol\u00edtica de n\u00e3o uso de trabalho infantil ou for\u00e7ado\" \/>\n<meta property=\"og:url\" content=\"https:\/\/www.tigercat.com\/pt-pt\/politica-nao-uso-trabalho-infantil-ou-forcado\/\" \/>\n<meta property=\"og:site_name\" content=\"Tigercat\" \/>\n<meta property=\"article:publisher\" content=\"http:\/\/www.facebook.com\/Tigercat\/\" \/>\n<meta property=\"article:modified_time\" content=\"2025-10-14T11:57:16+00:00\" \/>\n<meta name=\"twitter:label1\" content=\"Est. reading time\" \/>\n\t<meta name=\"twitter:data1\" content=\"3 minutes\" \/>\n<script type=\"application\/ld+json\" class=\"yoast-schema-graph\">{\"@context\":\"https:\/\/schema.org\",\"@graph\":[{\"@type\":\"WebPage\",\"@id\":\"https:\/\/www.tigercat.com\/pt-pt\/politica-nao-uso-trabalho-infantil-ou-forcado\/\",\"url\":\"https:\/\/www.tigercat.com\/pt-pt\/politica-nao-uso-trabalho-infantil-ou-forcado\/\",\"name\":\"Pol\u00edtica de n\u00e3o uso de trabalho infantil ou for\u00e7ado - Tigercat\",\"isPartOf\":{\"@id\":\"https:\/\/www.tigercat.com\/pt-pt\/#website\"},\"datePublished\":\"2023-02-14T19:50:19+00:00\",\"dateModified\":\"2025-10-14T11:57:16+00:00\",\"breadcrumb\":{\"@id\":\"https:\/\/www.tigercat.com\/pt-pt\/politica-nao-uso-trabalho-infantil-ou-forcado\/#breadcrumb\"},\"inLanguage\":\"pt\",\"potentialAction\":[{\"@type\":\"ReadAction\",\"target\":[\"https:\/\/www.tigercat.com\/pt-pt\/politica-nao-uso-trabalho-infantil-ou-forcado\/\"]}]},{\"@type\":\"BreadcrumbList\",\"@id\":\"https:\/\/www.tigercat.com\/pt-pt\/politica-nao-uso-trabalho-infantil-ou-forcado\/#breadcrumb\",\"itemListElement\":[{\"@type\":\"ListItem\",\"position\":1,\"name\":\"Home\",\"item\":\"https:\/\/www.tigercat.com\/pt-pt\/\"},{\"@type\":\"ListItem\",\"position\":2,\"name\":\"Pol\u00edtica de n\u00e3o uso de trabalho infantil ou for\u00e7ado\"}]},{\"@type\":\"WebSite\",\"@id\":\"https:\/\/www.tigercat.com\/pt-pt\/#website\",\"url\":\"https:\/\/www.tigercat.com\/pt-pt\/\",\"name\":\"%%title%%\",\"description\":\"\",\"publisher\":{\"@id\":\"https:\/\/www.tigercat.com\/pt-pt\/#organization\"},\"potentialAction\":[{\"@type\":\"SearchAction\",\"target\":{\"@type\":\"EntryPoint\",\"urlTemplate\":\"https:\/\/www.tigercat.com\/pt-pt\/?s={search_term_string}\"},\"query-input\":{\"@type\":\"PropertyValueSpecification\",\"valueRequired\":true,\"valueName\":\"search_term_string\"}}],\"inLanguage\":\"pt\"},{\"@type\":\"Organization\",\"@id\":\"https:\/\/www.tigercat.com\/pt-pt\/#organization\",\"name\":\"Tigercat Industries Inc\",\"url\":\"https:\/\/www.tigercat.com\/pt-pt\/\",\"logo\":{\"@type\":\"ImageObject\",\"inLanguage\":\"pt\",\"@id\":\"https:\/\/www.tigercat.com\/pt-pt\/#\/schema\/logo\/image\/\",\"url\":\"https:\/\/www.tigercat.com\/wp-content\/uploads\/2017\/04\/tigercat_logo_700.png\",\"contentUrl\":\"https:\/\/www.tigercat.com\/wp-content\/uploads\/2017\/04\/tigercat_logo_700.png\",\"width\":700,\"height\":186,\"caption\":\"Tigercat Industries Inc\"},\"image\":{\"@id\":\"https:\/\/www.tigercat.com\/pt-pt\/#\/schema\/logo\/image\/\"},\"sameAs\":[\"http:\/\/www.facebook.com\/Tigercat\/\",\"http:\/\/www.linkedin.com\/company\/tigercat-inc-?trk=top_nav_home\",\"http:\/\/www.youtube.com\/user\/TigercatForestry\",\"https:\/\/www.instagram.com\/tigercat_machines\/\"]}]}<\/script>\n<!-- \/ Yoast SEO Premium plugin. -->","yoast_head_json":{"title":"Pol\u00edtica de n\u00e3o uso de trabalho infantil ou for\u00e7ado - Tigercat","robots":{"index":"index","follow":"follow","max-snippet":"max-snippet:-1","max-image-preview":"max-image-preview:large","max-video-preview":"max-video-preview:-1"},"canonical":"https:\/\/www.tigercat.com\/pt-pt\/politica-nao-uso-trabalho-infantil-ou-forcado\/","og_locale":"pt_PT","og_type":"article","og_title":"Pol\u00edtica de n\u00e3o uso de trabalho infantil ou for\u00e7ado","og_url":"https:\/\/www.tigercat.com\/pt-pt\/politica-nao-uso-trabalho-infantil-ou-forcado\/","og_site_name":"Tigercat","article_publisher":"http:\/\/www.facebook.com\/Tigercat\/","article_modified_time":"2025-10-14T11:57:16+00:00","twitter_misc":{"Est. reading time":"3 minutes"},"schema":{"@context":"https:\/\/schema.org","@graph":[{"@type":"WebPage","@id":"https:\/\/www.tigercat.com\/pt-pt\/politica-nao-uso-trabalho-infantil-ou-forcado\/","url":"https:\/\/www.tigercat.com\/pt-pt\/politica-nao-uso-trabalho-infantil-ou-forcado\/","name":"Pol\u00edtica de n\u00e3o uso de trabalho infantil ou for\u00e7ado - Tigercat","isPartOf":{"@id":"https:\/\/www.tigercat.com\/pt-pt\/#website"},"datePublished":"2023-02-14T19:50:19+00:00","dateModified":"2025-10-14T11:57:16+00:00","breadcrumb":{"@id":"https:\/\/www.tigercat.com\/pt-pt\/politica-nao-uso-trabalho-infantil-ou-forcado\/#breadcrumb"},"inLanguage":"pt","potentialAction":[{"@type":"ReadAction","target":["https:\/\/www.tigercat.com\/pt-pt\/politica-nao-uso-trabalho-infantil-ou-forcado\/"]}]},{"@type":"BreadcrumbList","@id":"https:\/\/www.tigercat.com\/pt-pt\/politica-nao-uso-trabalho-infantil-ou-forcado\/#breadcrumb","itemListElement":[{"@type":"ListItem","position":1,"name":"Home","item":"https:\/\/www.tigercat.com\/pt-pt\/"},{"@type":"ListItem","position":2,"name":"Pol\u00edtica de n\u00e3o uso de trabalho infantil ou for\u00e7ado"}]},{"@type":"WebSite","@id":"https:\/\/www.tigercat.com\/pt-pt\/#website","url":"https:\/\/www.tigercat.com\/pt-pt\/","name":"%%title%%","description":"","publisher":{"@id":"https:\/\/www.tigercat.com\/pt-pt\/#organization"},"potentialAction":[{"@type":"SearchAction","target":{"@type":"EntryPoint","urlTemplate":"https:\/\/www.tigercat.com\/pt-pt\/?s={search_term_string}"},"query-input":{"@type":"PropertyValueSpecification","valueRequired":true,"valueName":"search_term_string"}}],"inLanguage":"pt"},{"@type":"Organization","@id":"https:\/\/www.tigercat.com\/pt-pt\/#organization","name":"Tigercat Industries Inc","url":"https:\/\/www.tigercat.com\/pt-pt\/","logo":{"@type":"ImageObject","inLanguage":"pt","@id":"https:\/\/www.tigercat.com\/pt-pt\/#\/schema\/logo\/image\/","url":"https:\/\/www.tigercat.com\/wp-content\/uploads\/2017\/04\/tigercat_logo_700.png","contentUrl":"https:\/\/www.tigercat.com\/wp-content\/uploads\/2017\/04\/tigercat_logo_700.png","width":700,"height":186,"caption":"Tigercat Industries Inc"},"image":{"@id":"https:\/\/www.tigercat.com\/pt-pt\/#\/schema\/logo\/image\/"},"sameAs":["http:\/\/www.facebook.com\/Tigercat\/","http:\/\/www.linkedin.com\/company\/tigercat-inc-?trk=top_nav_home","http:\/\/www.youtube.com\/user\/TigercatForestry","https:\/\/www.instagram.com\/tigercat_machines\/"]}]}},"_links":{"self":[{"href":"https:\/\/www.tigercat.com\/pt-pt\/wp-json\/wp\/v2\/pages\/91292","targetHints":{"allow":["GET"]}}],"collection":[{"href":"https:\/\/www.tigercat.com\/pt-pt\/wp-json\/wp\/v2\/pages"}],"about":[{"href":"https:\/\/www.tigercat.com\/pt-pt\/wp-json\/wp\/v2\/types\/page"}],"author":[{"embeddable":true,"href":"https:\/\/www.tigercat.com\/pt-pt\/wp-json\/wp\/v2\/users\/7"}],"replies":[{"embeddable":true,"href":"https:\/\/www.tigercat.com\/pt-pt\/wp-json\/wp\/v2\/comments?post=91292"}],"version-history":[{"count":0,"href":"https:\/\/www.tigercat.com\/pt-pt\/wp-json\/wp\/v2\/pages\/91292\/revisions"}],"wp:attachment":[{"href":"https:\/\/www.tigercat.com\/pt-pt\/wp-json\/wp\/v2\/media?parent=91292"}],"curies":[{"name":"wp","href":"https:\/\/api.w.org\/{rel}","templated":true}]}}