{"id":66823,"date":"2022-01-19T17:29:00","date_gmt":"2022-01-19T17:29:00","guid":{"rendered":"https:\/\/www.tigercat.com\/filtration\/"},"modified":"2023-12-26T15:07:26","modified_gmt":"2023-12-26T15:07:26","slug":"filtrering","status":"publish","type":"page","link":"https:\/\/www.tigercat.com\/sv\/filtrering\/","title":{"rendered":"Sista f\u00f6rsvarslinjen"},"content":{"rendered":"","protected":false},"excerpt":{"rendered":"<p>Det \u00e4r viktigt att anv\u00e4nda r\u00e4tt Tigercat OEM-filter och f\u00f6lja rekommenderade serviceintervall f\u00f6r att f\u00e5 maximal livsl\u00e4ngd och h\u00f6gsta driftstid fr\u00e5n utrustning. <\/p>\n","protected":false},"author":7,"featured_media":0,"parent":0,"menu_order":0,"comment_status":"closed","ping_status":"closed","template":"","meta":{"_acf_changed":false,"_lmt_disableupdate":"","_lmt_disable":"","footnotes":""},"class_list":["post-66823","page","type-page","status-publish","hentry"],"acf":[],"yoast_head":"<!-- This site is optimized with the Yoast SEO Premium plugin v27.2 (Yoast SEO v27.2) - https:\/\/yoast.com\/product\/yoast-seo-premium-wordpress\/ -->\n<title>Filtrering | Produktsupport | Tigercat<\/title>\n<meta name=\"description\" content=\"Filtrering \u00e4r din sista f\u00f6rsvarslinje. Ta reda p\u00e5 Det \u00e4r viktigt att anv\u00e4nda r\u00e4tt Tigercat-filter och f\u00f6lja rekommenderade serviceintervall.\" \/>\n<meta name=\"robots\" content=\"index, follow, max-snippet:-1, max-image-preview:large, max-video-preview:-1\" \/>\n<link rel=\"canonical\" href=\"https:\/\/www.tigercat.com\/sv\/filtrering\/\" \/>\n<meta property=\"og:locale\" content=\"en_US\" \/>\n<meta property=\"og:type\" content=\"article\" \/>\n<meta property=\"og:title\" content=\"Sista f\u00f6rsvarslinjen\" \/>\n<meta property=\"og:description\" content=\"Filtrering \u00e4r din sista f\u00f6rsvarslinje. Ta reda p\u00e5 Det \u00e4r viktigt att anv\u00e4nda r\u00e4tt Tigercat-filter och f\u00f6lja rekommenderade serviceintervall.\" \/>\n<meta property=\"og:url\" content=\"https:\/\/www.tigercat.com\/sv\/filtrering\/\" \/>\n<meta property=\"og:site_name\" content=\"Tigercat\" \/>\n<meta property=\"article:publisher\" content=\"http:\/\/www.facebook.com\/Tigercat\/\" \/>\n<meta property=\"article:modified_time\" content=\"2023-12-26T15:07:26+00:00\" \/>\n<script type=\"application\/ld+json\" class=\"yoast-schema-graph\">{\"@context\":\"https:\/\/schema.org\",\"@graph\":[{\"@type\":\"WebPage\",\"@id\":\"https:\/\/www.tigercat.com\/sv\/filtrering\/\",\"url\":\"https:\/\/www.tigercat.com\/sv\/filtrering\/\",\"name\":\"Filtrering | Produktsupport | Tigercat\",\"isPartOf\":{\"@id\":\"https:\/\/www.tigercat.com\/sv\/#website\"},\"datePublished\":\"2022-01-19T17:29:00+00:00\",\"dateModified\":\"2023-12-26T15:07:26+00:00\",\"description\":\"Filtrering \u00e4r din sista f\u00f6rsvarslinje. Ta reda p\u00e5 Det \u00e4r viktigt att anv\u00e4nda r\u00e4tt Tigercat-filter och f\u00f6lja rekommenderade serviceintervall.\",\"breadcrumb\":{\"@id\":\"https:\/\/www.tigercat.com\/sv\/filtrering\/#breadcrumb\"},\"inLanguage\":\"sv\",\"potentialAction\":[{\"@type\":\"ReadAction\",\"target\":[\"https:\/\/www.tigercat.com\/sv\/filtrering\/\"]}]},{\"@type\":\"BreadcrumbList\",\"@id\":\"https:\/\/www.tigercat.com\/sv\/filtrering\/#breadcrumb\",\"itemListElement\":[{\"@type\":\"ListItem\",\"position\":1,\"name\":\"Home\",\"item\":\"https:\/\/www.tigercat.com\/sv\/\"},{\"@type\":\"ListItem\",\"position\":2,\"name\":\"Sista f\u00f6rsvarslinjen\"}]},{\"@type\":\"WebSite\",\"@id\":\"https:\/\/www.tigercat.com\/sv\/#website\",\"url\":\"https:\/\/www.tigercat.com\/sv\/\",\"name\":\"%%title%%\",\"description\":\"\",\"publisher\":{\"@id\":\"https:\/\/www.tigercat.com\/sv\/#organization\"},\"potentialAction\":[{\"@type\":\"SearchAction\",\"target\":{\"@type\":\"EntryPoint\",\"urlTemplate\":\"https:\/\/www.tigercat.com\/sv\/?s={search_term_string}\"},\"query-input\":{\"@type\":\"PropertyValueSpecification\",\"valueRequired\":true,\"valueName\":\"search_term_string\"}}],\"inLanguage\":\"sv\"},{\"@type\":\"Organization\",\"@id\":\"https:\/\/www.tigercat.com\/sv\/#organization\",\"name\":\"Tigercat Industries Inc\",\"url\":\"https:\/\/www.tigercat.com\/sv\/\",\"logo\":{\"@type\":\"ImageObject\",\"inLanguage\":\"sv\",\"@id\":\"https:\/\/www.tigercat.com\/sv\/#\/schema\/logo\/image\/\",\"url\":\"https:\/\/www.tigercat.com\/wp-content\/uploads\/2017\/04\/tigercat_logo_700.png\",\"contentUrl\":\"https:\/\/www.tigercat.com\/wp-content\/uploads\/2017\/04\/tigercat_logo_700.png\",\"width\":700,\"height\":186,\"caption\":\"Tigercat Industries Inc\"},\"image\":{\"@id\":\"https:\/\/www.tigercat.com\/sv\/#\/schema\/logo\/image\/\"},\"sameAs\":[\"http:\/\/www.facebook.com\/Tigercat\/\",\"http:\/\/www.linkedin.com\/company\/tigercat-inc-?trk=top_nav_home\",\"http:\/\/www.youtube.com\/user\/TigercatForestry\",\"https:\/\/www.instagram.com\/tigercat_machines\/\"]}]}<\/script>\n<!-- \/ Yoast SEO Premium plugin. -->","yoast_head_json":{"title":"Filtrering | Produktsupport | Tigercat","description":"Filtrering \u00e4r din sista f\u00f6rsvarslinje. Ta reda p\u00e5 Det \u00e4r viktigt att anv\u00e4nda r\u00e4tt Tigercat-filter och f\u00f6lja rekommenderade serviceintervall.","robots":{"index":"index","follow":"follow","max-snippet":"max-snippet:-1","max-image-preview":"max-image-preview:large","max-video-preview":"max-video-preview:-1"},"canonical":"https:\/\/www.tigercat.com\/sv\/filtrering\/","og_locale":"en_US","og_type":"article","og_title":"Sista f\u00f6rsvarslinjen","og_description":"Filtrering \u00e4r din sista f\u00f6rsvarslinje. Ta reda p\u00e5 Det \u00e4r viktigt att anv\u00e4nda r\u00e4tt Tigercat-filter och f\u00f6lja rekommenderade serviceintervall.","og_url":"https:\/\/www.tigercat.com\/sv\/filtrering\/","og_site_name":"Tigercat","article_publisher":"http:\/\/www.facebook.com\/Tigercat\/","article_modified_time":"2023-12-26T15:07:26+00:00","schema":{"@context":"https:\/\/schema.org","@graph":[{"@type":"WebPage","@id":"https:\/\/www.tigercat.com\/sv\/filtrering\/","url":"https:\/\/www.tigercat.com\/sv\/filtrering\/","name":"Filtrering | Produktsupport | Tigercat","isPartOf":{"@id":"https:\/\/www.tigercat.com\/sv\/#website"},"datePublished":"2022-01-19T17:29:00+00:00","dateModified":"2023-12-26T15:07:26+00:00","description":"Filtrering \u00e4r din sista f\u00f6rsvarslinje. Ta reda p\u00e5 Det \u00e4r viktigt att anv\u00e4nda r\u00e4tt Tigercat-filter och f\u00f6lja rekommenderade serviceintervall.","breadcrumb":{"@id":"https:\/\/www.tigercat.com\/sv\/filtrering\/#breadcrumb"},"inLanguage":"sv","potentialAction":[{"@type":"ReadAction","target":["https:\/\/www.tigercat.com\/sv\/filtrering\/"]}]},{"@type":"BreadcrumbList","@id":"https:\/\/www.tigercat.com\/sv\/filtrering\/#breadcrumb","itemListElement":[{"@type":"ListItem","position":1,"name":"Home","item":"https:\/\/www.tigercat.com\/sv\/"},{"@type":"ListItem","position":2,"name":"Sista f\u00f6rsvarslinjen"}]},{"@type":"WebSite","@id":"https:\/\/www.tigercat.com\/sv\/#website","url":"https:\/\/www.tigercat.com\/sv\/","name":"%%title%%","description":"","publisher":{"@id":"https:\/\/www.tigercat.com\/sv\/#organization"},"potentialAction":[{"@type":"SearchAction","target":{"@type":"EntryPoint","urlTemplate":"https:\/\/www.tigercat.com\/sv\/?s={search_term_string}"},"query-input":{"@type":"PropertyValueSpecification","valueRequired":true,"valueName":"search_term_string"}}],"inLanguage":"sv"},{"@type":"Organization","@id":"https:\/\/www.tigercat.com\/sv\/#organization","name":"Tigercat Industries Inc","url":"https:\/\/www.tigercat.com\/sv\/","logo":{"@type":"ImageObject","inLanguage":"sv","@id":"https:\/\/www.tigercat.com\/sv\/#\/schema\/logo\/image\/","url":"https:\/\/www.tigercat.com\/wp-content\/uploads\/2017\/04\/tigercat_logo_700.png","contentUrl":"https:\/\/www.tigercat.com\/wp-content\/uploads\/2017\/04\/tigercat_logo_700.png","width":700,"height":186,"caption":"Tigercat Industries Inc"},"image":{"@id":"https:\/\/www.tigercat.com\/sv\/#\/schema\/logo\/image\/"},"sameAs":["http:\/\/www.facebook.com\/Tigercat\/","http:\/\/www.linkedin.com\/company\/tigercat-inc-?trk=top_nav_home","http:\/\/www.youtube.com\/user\/TigercatForestry","https:\/\/www.instagram.com\/tigercat_machines\/"]}]}},"_links":{"self":[{"href":"https:\/\/www.tigercat.com\/sv\/wp-json\/wp\/v2\/pages\/66823","targetHints":{"allow":["GET"]}}],"collection":[{"href":"https:\/\/www.tigercat.com\/sv\/wp-json\/wp\/v2\/pages"}],"about":[{"href":"https:\/\/www.tigercat.com\/sv\/wp-json\/wp\/v2\/types\/page"}],"author":[{"embeddable":true,"href":"https:\/\/www.tigercat.com\/sv\/wp-json\/wp\/v2\/users\/7"}],"replies":[{"embeddable":true,"href":"https:\/\/www.tigercat.com\/sv\/wp-json\/wp\/v2\/comments?post=66823"}],"version-history":[{"count":0,"href":"https:\/\/www.tigercat.com\/sv\/wp-json\/wp\/v2\/pages\/66823\/revisions"}],"wp:attachment":[{"href":"https:\/\/www.tigercat.com\/sv\/wp-json\/wp\/v2\/media?parent=66823"}],"curies":[{"name":"wp","href":"https:\/\/api.w.org\/{rel}","templated":true}]}}