{"id":91344,"date":"2023-02-14T19:50:19","date_gmt":"2023-02-14T19:50:19","guid":{"rendered":"https:\/\/www.tigercat.com\/no-child-forced-labour-policy\/"},"modified":"2025-10-14T11:58:32","modified_gmt":"2025-10-14T11:58:32","slug":"inget-barn-tvangsarbete-policy","status":"publish","type":"page","link":"https:\/\/www.tigercat.com\/sv\/inget-barn-tvangsarbete-policy\/","title":{"rendered":"Policy som f\u00f6rbjuder barn- och tv\u00e5ngsarbete"},"content":{"rendered":"<p>Tigercat Industries har \u00e5tagit sig att bedriva ansvarsfull verksamhet \u00f6ver hela v\u00e4rlden. I linje med v\u00e5ra v\u00e4rderingar f\u00f6rbjuder vi strikt och \u00e4gnar oss inte \u00e5t n\u00e5gon typ av tv\u00e5ngs- eller barnarbete och vi f\u00f6rv\u00e4ntar oss samma sak fr\u00e5n v\u00e5ra leverant\u00f6rer och deras leveranskedja.<\/p>\n<p>Syftet med denna policy \u00e4r att fastst\u00e4lla v\u00e5rt etablerande \u00e5tagande f\u00f6r m\u00e4nskliga r\u00e4ttigheter och v\u00e5rt \u00e5tagande mot att bidra till, delta i eller m\u00f6jligg\u00f6ra anv\u00e4ndandet av tv\u00e5ngs- eller barnarbete under tillverkningen av Tigercat-utrustning.<\/p>\n<p><strong><u>Tigercats terminologi avseende barn- och tv\u00e5ngsarbete<\/u><\/strong><strong>:<\/strong><\/p>\n<p><strong>Barn \u2013<\/strong> F\u00f6r syftet med dessa principer, oavsett nationella lagar, lokala lagar eller f\u00f6rordningar, definierar Tigercat ett barn som n\u00e5gon som \u00e4r yngre \u00e4n 15 \u00e5r. P\u00e5 anl\u00e4ggningar eller platser d\u00e4r nationell eller lokal lag eller f\u00f6rordningar anger den l\u00e4gsta anst\u00e4llnings\u00e5ldern \u00e4r h\u00f6gre \u00e4n 15 \u00e5r eller om det finns ytterligare begr\u00e4nsningar vid aktiviteter s\u00e5som riskfyllt arbete m\u00e5ste s\u00e5dana lagar och f\u00f6rordningar f\u00f6ljas.<\/p>\n<p><strong>Riskfyllt arbete \u2013<\/strong> Arbete under farliga eller oh\u00e4lsosamma f\u00f6rh\u00e5llanden som kan resultera i d\u00f6dsfall, skada eller orsaka sjukdom som ett resultat av arbetsf\u00f6rh\u00e5llanden. Exempel p\u00e5 riskfyllda arbeten inkluderar men \u00e4r inte begr\u00e4nsade till:<\/p>\n<ul>\n<li>Arbete under marken, under vatten, p\u00e5 farliga h\u00f6jder eller i tr\u00e5nga utrymmen.<\/li>\n<\/ul>\n<ul>\n<li>Arbete med farliga maskiner, utrustning och verktyg eller som omfattar manuell hantering eller transport av tung last.<\/li>\n<li>Arbete i oh\u00e4lsosamma milj\u00f6er med exponering f\u00f6r farliga substanser, \u00e4mnen, processer, temperaturer, ljudniv\u00e5er eller vibrationer som \u00e4r skadliga f\u00f6r h\u00e4lsan.<\/li>\n<\/ul>\n<ul>\n<li>Arbete under speciellt sv\u00e5ra f\u00f6rh\u00e5llanden s\u00e5som arbete under m\u00e5nga timmar eller p\u00e5 natten d\u00e4r de \u00e4r orimligt begr\u00e4nsade till arbetsgivarens lokaler.<\/li>\n<\/ul>\n<p><strong>Tv\u00e5ngsarbete \u2013<\/strong> Inneb\u00e4r arbete eller utf\u00f6rande eller erbjudande av tj\u00e4nster som ska tillhandah\u00e5llas av en person under omst\u00e4ndigheter som<\/p>\n<ul>\n<li>rimligen kan f\u00f6rv\u00e4ntas f\u00e5 personen att tro att deras s\u00e4kerhet eller s\u00e4kerheten f\u00f6r n\u00e5gon de k\u00e4nner \u00e4r hotad om de inte tillhandah\u00e5ller eller erbjuder arbetet eller tj\u00e4nsten, eller<\/li>\n<li>utkr\u00e4vs av personen under hot om straff och som denna person inte frivilligt har erbjudit sig att utf\u00f6ra.<\/li>\n<\/ul>\n<p><strong><u>Tigercat\u2019s \u00e5tagande:<\/u><\/strong><\/p>\n<p>Tigercat certifierar att de arbetare de anv\u00e4nder och kommer att anv\u00e4nda inte \u00e4r barn under 15 \u00e5r, eller 18 \u00e5r vid riskfyllt arbete, f\u00f6r att helt eller delvis producera och tillhandah\u00e5lla varor och tj\u00e4nster.\u00a0 Tigercat certifierar att de aldrig medvetet kommer att anv\u00e4nda barnarbetare.<\/p>\n<p>Tigercat certifierar att de arbetare de anv\u00e4nder och kommer att anv\u00e4nda f\u00f6r att helt eller delvis producera och tillhandah\u00e5lla varor och tj\u00e4nster utf\u00f6r arbetet frivilligt. Tigercat certifierar att de aldrig medvetet kommer att anv\u00e4nda tv\u00e5ngsarbetare.<\/p>\n<p><strong><u>Tigercats f\u00f6rv\u00e4ntningar p\u00e5 leveranskedjan:<\/u><\/strong><\/p>\n<p>Tigercat f\u00f6rv\u00e4ntar att alla v\u00e5ra leverant\u00f6rer och deras leveranskedjor \u00e4r fullt medvetna om ovanst\u00e5ende f\u00f6rbud avseende barn- och tv\u00e5ngsarbete och inte direkt, indirekt eller p\u00e5 n\u00e5got s\u00e4tt underl\u00e4tta anv\u00e4ndandet av barn- eller tv\u00e5ngsarbete vid tillverkning av delar och material som levereras helt eller delvis till Tigercat.<\/p>\n<p>Om Tigercat fastst\u00e4ller att ett brott eller en \u00f6vertr\u00e4delse av relevanta lagar eller f\u00f6rordningar har skett ska Tigercat meddela leverant\u00f6ren och leverant\u00f6ren ska omedelbart \u00e5tg\u00e4rda brottet eller \u00f6vertr\u00e4delsen. Om Tigercat fastst\u00e4ller att leverant\u00f6ren inte har \u00e5tg\u00e4rdat brottet eller \u00f6vertr\u00e4delsen har Tigercat r\u00e4tt att s\u00e4ga upp kontraktet omg\u00e5ende och s\u00e5dan upps\u00e4gning ska ske med sk\u00e4l.<\/p>\n<p>Villkoren i Tigercats ink\u00f6psorder kr\u00e4ver att leverant\u00f6rer f\u00f6ljer denna policy genom att inte medvetet anv\u00e4nda barn- eller tv\u00e5ngsarbete.<\/p>\n","protected":false},"excerpt":{"rendered":"","protected":false},"author":7,"featured_media":0,"parent":0,"menu_order":0,"comment_status":"closed","ping_status":"closed","template":"","meta":{"_acf_changed":false,"_lmt_disableupdate":"","_lmt_disable":"","footnotes":""},"class_list":["post-91344","page","type-page","status-publish","hentry"],"acf":[],"yoast_head":"<!-- This site is optimized with the Yoast SEO Premium plugin v27.2 (Yoast SEO v27.2) - https:\/\/yoast.com\/product\/yoast-seo-premium-wordpress\/ -->\n<title>Policy som f\u00f6rbjuder barn- och tv\u00e5ngsarbete - Tigercat<\/title>\n<meta name=\"robots\" content=\"index, follow, max-snippet:-1, max-image-preview:large, max-video-preview:-1\" \/>\n<link rel=\"canonical\" href=\"https:\/\/www.tigercat.com\/sv\/inget-barn-tvangsarbete-policy\/\" \/>\n<meta property=\"og:locale\" content=\"en_US\" \/>\n<meta property=\"og:type\" content=\"article\" \/>\n<meta property=\"og:title\" content=\"Policy som f\u00f6rbjuder barn- och tv\u00e5ngsarbete\" \/>\n<meta property=\"og:url\" content=\"https:\/\/www.tigercat.com\/sv\/inget-barn-tvangsarbete-policy\/\" \/>\n<meta property=\"og:site_name\" content=\"Tigercat\" \/>\n<meta property=\"article:publisher\" content=\"http:\/\/www.facebook.com\/Tigercat\/\" \/>\n<meta property=\"article:modified_time\" content=\"2025-10-14T11:58:32+00:00\" \/>\n<meta name=\"twitter:label1\" content=\"Est. reading time\" \/>\n\t<meta name=\"twitter:data1\" content=\"3 minutes\" \/>\n<script type=\"application\/ld+json\" class=\"yoast-schema-graph\">{\"@context\":\"https:\/\/schema.org\",\"@graph\":[{\"@type\":\"WebPage\",\"@id\":\"https:\/\/www.tigercat.com\/sv\/inget-barn-tvangsarbete-policy\/\",\"url\":\"https:\/\/www.tigercat.com\/sv\/inget-barn-tvangsarbete-policy\/\",\"name\":\"Policy som f\u00f6rbjuder barn- och tv\u00e5ngsarbete - Tigercat\",\"isPartOf\":{\"@id\":\"https:\/\/www.tigercat.com\/sv\/#website\"},\"datePublished\":\"2023-02-14T19:50:19+00:00\",\"dateModified\":\"2025-10-14T11:58:32+00:00\",\"breadcrumb\":{\"@id\":\"https:\/\/www.tigercat.com\/sv\/inget-barn-tvangsarbete-policy\/#breadcrumb\"},\"inLanguage\":\"sv\",\"potentialAction\":[{\"@type\":\"ReadAction\",\"target\":[\"https:\/\/www.tigercat.com\/sv\/inget-barn-tvangsarbete-policy\/\"]}]},{\"@type\":\"BreadcrumbList\",\"@id\":\"https:\/\/www.tigercat.com\/sv\/inget-barn-tvangsarbete-policy\/#breadcrumb\",\"itemListElement\":[{\"@type\":\"ListItem\",\"position\":1,\"name\":\"Home\",\"item\":\"https:\/\/www.tigercat.com\/sv\/\"},{\"@type\":\"ListItem\",\"position\":2,\"name\":\"Policy som f\u00f6rbjuder barn- och tv\u00e5ngsarbete\"}]},{\"@type\":\"WebSite\",\"@id\":\"https:\/\/www.tigercat.com\/sv\/#website\",\"url\":\"https:\/\/www.tigercat.com\/sv\/\",\"name\":\"%%title%%\",\"description\":\"\",\"publisher\":{\"@id\":\"https:\/\/www.tigercat.com\/sv\/#organization\"},\"potentialAction\":[{\"@type\":\"SearchAction\",\"target\":{\"@type\":\"EntryPoint\",\"urlTemplate\":\"https:\/\/www.tigercat.com\/sv\/?s={search_term_string}\"},\"query-input\":{\"@type\":\"PropertyValueSpecification\",\"valueRequired\":true,\"valueName\":\"search_term_string\"}}],\"inLanguage\":\"sv\"},{\"@type\":\"Organization\",\"@id\":\"https:\/\/www.tigercat.com\/sv\/#organization\",\"name\":\"Tigercat Industries Inc\",\"url\":\"https:\/\/www.tigercat.com\/sv\/\",\"logo\":{\"@type\":\"ImageObject\",\"inLanguage\":\"sv\",\"@id\":\"https:\/\/www.tigercat.com\/sv\/#\/schema\/logo\/image\/\",\"url\":\"https:\/\/www.tigercat.com\/wp-content\/uploads\/2017\/04\/tigercat_logo_700.png\",\"contentUrl\":\"https:\/\/www.tigercat.com\/wp-content\/uploads\/2017\/04\/tigercat_logo_700.png\",\"width\":700,\"height\":186,\"caption\":\"Tigercat Industries Inc\"},\"image\":{\"@id\":\"https:\/\/www.tigercat.com\/sv\/#\/schema\/logo\/image\/\"},\"sameAs\":[\"http:\/\/www.facebook.com\/Tigercat\/\",\"http:\/\/www.linkedin.com\/company\/tigercat-inc-?trk=top_nav_home\",\"http:\/\/www.youtube.com\/user\/TigercatForestry\",\"https:\/\/www.instagram.com\/tigercat_machines\/\"]}]}<\/script>\n<!-- \/ Yoast SEO Premium plugin. -->","yoast_head_json":{"title":"Policy som f\u00f6rbjuder barn- och tv\u00e5ngsarbete - Tigercat","robots":{"index":"index","follow":"follow","max-snippet":"max-snippet:-1","max-image-preview":"max-image-preview:large","max-video-preview":"max-video-preview:-1"},"canonical":"https:\/\/www.tigercat.com\/sv\/inget-barn-tvangsarbete-policy\/","og_locale":"en_US","og_type":"article","og_title":"Policy som f\u00f6rbjuder barn- och tv\u00e5ngsarbete","og_url":"https:\/\/www.tigercat.com\/sv\/inget-barn-tvangsarbete-policy\/","og_site_name":"Tigercat","article_publisher":"http:\/\/www.facebook.com\/Tigercat\/","article_modified_time":"2025-10-14T11:58:32+00:00","twitter_misc":{"Est. reading time":"3 minutes"},"schema":{"@context":"https:\/\/schema.org","@graph":[{"@type":"WebPage","@id":"https:\/\/www.tigercat.com\/sv\/inget-barn-tvangsarbete-policy\/","url":"https:\/\/www.tigercat.com\/sv\/inget-barn-tvangsarbete-policy\/","name":"Policy som f\u00f6rbjuder barn- och tv\u00e5ngsarbete - Tigercat","isPartOf":{"@id":"https:\/\/www.tigercat.com\/sv\/#website"},"datePublished":"2023-02-14T19:50:19+00:00","dateModified":"2025-10-14T11:58:32+00:00","breadcrumb":{"@id":"https:\/\/www.tigercat.com\/sv\/inget-barn-tvangsarbete-policy\/#breadcrumb"},"inLanguage":"sv","potentialAction":[{"@type":"ReadAction","target":["https:\/\/www.tigercat.com\/sv\/inget-barn-tvangsarbete-policy\/"]}]},{"@type":"BreadcrumbList","@id":"https:\/\/www.tigercat.com\/sv\/inget-barn-tvangsarbete-policy\/#breadcrumb","itemListElement":[{"@type":"ListItem","position":1,"name":"Home","item":"https:\/\/www.tigercat.com\/sv\/"},{"@type":"ListItem","position":2,"name":"Policy som f\u00f6rbjuder barn- och tv\u00e5ngsarbete"}]},{"@type":"WebSite","@id":"https:\/\/www.tigercat.com\/sv\/#website","url":"https:\/\/www.tigercat.com\/sv\/","name":"%%title%%","description":"","publisher":{"@id":"https:\/\/www.tigercat.com\/sv\/#organization"},"potentialAction":[{"@type":"SearchAction","target":{"@type":"EntryPoint","urlTemplate":"https:\/\/www.tigercat.com\/sv\/?s={search_term_string}"},"query-input":{"@type":"PropertyValueSpecification","valueRequired":true,"valueName":"search_term_string"}}],"inLanguage":"sv"},{"@type":"Organization","@id":"https:\/\/www.tigercat.com\/sv\/#organization","name":"Tigercat Industries Inc","url":"https:\/\/www.tigercat.com\/sv\/","logo":{"@type":"ImageObject","inLanguage":"sv","@id":"https:\/\/www.tigercat.com\/sv\/#\/schema\/logo\/image\/","url":"https:\/\/www.tigercat.com\/wp-content\/uploads\/2017\/04\/tigercat_logo_700.png","contentUrl":"https:\/\/www.tigercat.com\/wp-content\/uploads\/2017\/04\/tigercat_logo_700.png","width":700,"height":186,"caption":"Tigercat Industries Inc"},"image":{"@id":"https:\/\/www.tigercat.com\/sv\/#\/schema\/logo\/image\/"},"sameAs":["http:\/\/www.facebook.com\/Tigercat\/","http:\/\/www.linkedin.com\/company\/tigercat-inc-?trk=top_nav_home","http:\/\/www.youtube.com\/user\/TigercatForestry","https:\/\/www.instagram.com\/tigercat_machines\/"]}]}},"_links":{"self":[{"href":"https:\/\/www.tigercat.com\/sv\/wp-json\/wp\/v2\/pages\/91344","targetHints":{"allow":["GET"]}}],"collection":[{"href":"https:\/\/www.tigercat.com\/sv\/wp-json\/wp\/v2\/pages"}],"about":[{"href":"https:\/\/www.tigercat.com\/sv\/wp-json\/wp\/v2\/types\/page"}],"author":[{"embeddable":true,"href":"https:\/\/www.tigercat.com\/sv\/wp-json\/wp\/v2\/users\/7"}],"replies":[{"embeddable":true,"href":"https:\/\/www.tigercat.com\/sv\/wp-json\/wp\/v2\/comments?post=91344"}],"version-history":[{"count":0,"href":"https:\/\/www.tigercat.com\/sv\/wp-json\/wp\/v2\/pages\/91344\/revisions"}],"wp:attachment":[{"href":"https:\/\/www.tigercat.com\/sv\/wp-json\/wp\/v2\/media?parent=91344"}],"curies":[{"name":"wp","href":"https:\/\/api.w.org\/{rel}","templated":true}]}}